{"id":27099,"date":"2024-03-20T21:47:35","date_gmt":"2024-03-20T21:47:35","guid":{"rendered":"https:\/\/s1t.525.mytemp.website\/pagina-de-inicio-de-sesion-de-revendedor1\/"},"modified":"2025-07-10T18:18:48","modified_gmt":"2025-07-10T18:18:48","slug":"pagina-de-inicio-de-sesion-de-revendedor1","status":"publish","type":"page","link":"https:\/\/fairfaxsoftware.com\/es\/pagina-de-inicio-de-sesion-de-revendedor1\/","title":{"rendered":"P\u00e1gina de inicio de sesi\u00f3n de revendedor1"},"content":{"rendered":"\t\t<div data-elementor-type=\"wp-page\" data-elementor-id=\"27099\" class=\"elementor elementor-27099 elementor-18588\">\n\t\t\t\t<div class=\"elementor-element elementor-element-39e6dab1 e-con-full e-flex elementor-invisible e-con e-parent\" data-id=\"39e6dab1\" data-element_type=\"container\" data-e-type=\"container\" data-settings=\"{&quot;background_background&quot;:&quot;slideshow&quot;,&quot;background_slideshow_gallery&quot;:[{&quot;id&quot;:2370,&quot;url&quot;:&quot;http:\\\/\\\/8k6.c7b.myftpupload.com\\\/wp-content\\\/uploads\\\/2024\\\/01\\\/Header_Slides-2.jpg&quot;}],&quot;background_slideshow_transition_duration&quot;:800,&quot;background_slideshow_ken_burns&quot;:&quot;yes&quot;,&quot;background_slideshow_ken_burns_zoom_direction&quot;:&quot;out&quot;,&quot;animation&quot;:&quot;fadeIn&quot;,&quot;background_slideshow_loop&quot;:&quot;yes&quot;,&quot;background_slideshow_slide_duration&quot;:5000,&quot;background_slideshow_slide_transition&quot;:&quot;fade&quot;}\">\n\t\t<div class=\"elementor-element elementor-element-1a430d7f e-con-full animated-slow e-flex elementor-invisible e-con e-child\" data-id=\"1a430d7f\" data-element_type=\"container\" data-e-type=\"container\" data-settings=\"{&quot;background_background&quot;:&quot;classic&quot;,&quot;animation&quot;:&quot;fadeInLeft&quot;,&quot;animation_delay&quot;:1000}\">\n\t\t\t\t<div class=\"elementor-element elementor-element-17830d7 elementor-widget elementor-widget-heading\" data-id=\"17830d7\" data-element_type=\"widget\" data-e-type=\"widget\" data-widget_type=\"heading.default\">\n\t\t\t\t<div class=\"elementor-widget-container\">\n\t\t\t\t\t<h2 class=\"elementor-heading-title elementor-size-default\">INICIO DE SESI\u00d3N DE REVENDEDOR<\/h2>\t\t\t\t<\/div>\n\t\t\t\t<\/div>\n\t\t\t\t<div class=\"elementor-element elementor-element-35fc530e elementor-widget elementor-widget-heading\" data-id=\"35fc530e\" data-element_type=\"widget\" data-e-type=\"widget\" data-widget_type=\"heading.default\">\n\t\t\t\t<div class=\"elementor-widget-container\">\n\t\t\t\t\t<h2 class=\"elementor-heading-title elementor-size-default\">La galardonada suite de software de captura de informaci\u00f3n <br> <br><\/h2>\t\t\t\t<\/div>\n\t\t\t\t<\/div>\n\t\t\t\t<\/div>\n\t\t\t\t<\/div>\n\t\t<div class=\"elementor-element elementor-element-8485d42 e-flex e-con-boxed e-con e-parent\" data-id=\"8485d42\" data-element_type=\"container\" data-e-type=\"container\">\n\t\t\t\t\t<div class=\"e-con-inner\">\n\t\t<div class=\"elementor-element elementor-element-587da49 e-flex e-con-boxed e-con e-child\" data-id=\"587da49\" data-element_type=\"container\" data-e-type=\"container\" data-settings=\"{&quot;background_background&quot;:&quot;classic&quot;}\">\n\t\t\t\t\t<div class=\"e-con-inner\">\n\t\t<div class=\"elementor-element elementor-element-f92ca32 e-con-full e-flex e-con e-child\" data-id=\"f92ca32\" data-element_type=\"container\" data-e-type=\"container\" data-settings=\"{&quot;background_background&quot;:&quot;classic&quot;}\">\n\t\t<div class=\"elementor-element elementor-element-3edd00a e-con-full e-flex e-con e-child\" data-id=\"3edd00a\" data-element_type=\"container\" data-e-type=\"container\">\n\t\t\t\t<div class=\"elementor-element elementor-element-df81f23 elementor-view-default elementor-widget elementor-widget-icon\" data-id=\"df81f23\" data-element_type=\"widget\" data-e-type=\"widget\" data-widget_type=\"icon.default\">\n\t\t\t\t<div class=\"elementor-widget-container\">\n\t\t\t\t\t\t\t<div class=\"elementor-icon-wrapper\">\n\t\t\t<a class=\"elementor-icon\" href=\"https:\/\/s1t.525.mytemp.website\/reseller-portal-learn-more\/\">\n\t\t\t<i aria-hidden=\"true\" class=\"material-icons md-school\"><\/i>\t\t\t<\/a>\n\t\t<\/div>\n\t\t\t\t\t\t<\/div>\n\t\t\t\t<\/div>\n\t\t\t\t<div class=\"elementor-element elementor-element-4528e34 elementor-widget elementor-widget-heading\" data-id=\"4528e34\" data-element_type=\"widget\" data-e-type=\"widget\" data-widget_type=\"heading.default\">\n\t\t\t\t<div class=\"elementor-widget-container\">\n\t\t\t\t\t<h2 class=\"elementor-heading-title elementor-size-default\"><a href=\"http:\/\/8k6.c7b.myftpupload.com\/reseller-portal-learn-more\/\">CONOCER M\u00c1S<\/a><\/h2>\t\t\t\t<\/div>\n\t\t\t\t<\/div>\n\t\t\t\t<\/div>\n\t\t<div class=\"elementor-element elementor-element-8dff5c2 e-con-full e-flex e-con e-child\" data-id=\"8dff5c2\" data-element_type=\"container\" data-e-type=\"container\">\n\t\t\t\t<div class=\"elementor-element elementor-element-ee8a9a4 elementor-view-default elementor-widget elementor-widget-icon\" data-id=\"ee8a9a4\" data-element_type=\"widget\" data-e-type=\"widget\" data-widget_type=\"icon.default\">\n\t\t\t\t<div class=\"elementor-widget-container\">\n\t\t\t\t\t\t\t<div class=\"elementor-icon-wrapper\">\n\t\t\t<a class=\"elementor-icon\" href=\"https:\/\/s1t.525.mytemp.website\/account\/\">\n\t\t\t<i aria-hidden=\"true\" class=\"material-icons md-account_circle\"><\/i>\t\t\t<\/a>\n\t\t<\/div>\n\t\t\t\t\t\t<\/div>\n\t\t\t\t<\/div>\n\t\t\t\t<div class=\"elementor-element elementor-element-e7755d0 elementor-widget elementor-widget-heading\" data-id=\"e7755d0\" data-element_type=\"widget\" data-e-type=\"widget\" data-widget_type=\"heading.default\">\n\t\t\t\t<div class=\"elementor-widget-container\">\n\t\t\t\t\t<h2 class=\"elementor-heading-title elementor-size-default\"><a href=\"http:\/\/8k6.c7b.myftpupload.com\/account\/\">MI CUENTA<\/a><\/h2>\t\t\t\t<\/div>\n\t\t\t\t<\/div>\n\t\t\t\t<\/div>\n\t\t<div class=\"elementor-element elementor-element-8c45230 e-con-full e-flex e-con e-child\" data-id=\"8c45230\" data-element_type=\"container\" data-e-type=\"container\">\n\t\t\t\t<div class=\"elementor-element elementor-element-bef90ba elementor-view-default elementor-widget elementor-widget-icon\" data-id=\"bef90ba\" data-element_type=\"widget\" data-e-type=\"widget\" data-widget_type=\"icon.default\">\n\t\t\t\t<div class=\"elementor-widget-container\">\n\t\t\t\t\t\t\t<div class=\"elementor-icon-wrapper\">\n\t\t\t<a class=\"elementor-icon\" href=\"https:\/\/s1t.525.mytemp.website\/reseller-register-a-deal\/\">\n\t\t\t<i aria-hidden=\"true\" class=\"xlwpf isaxbold-money-send\"><\/i>\t\t\t<\/a>\n\t\t<\/div>\n\t\t\t\t\t\t<\/div>\n\t\t\t\t<\/div>\n\t\t\t\t<div class=\"elementor-element elementor-element-0588846 elementor-widget elementor-widget-heading\" data-id=\"0588846\" data-element_type=\"widget\" data-e-type=\"widget\" data-widget_type=\"heading.default\">\n\t\t\t\t<div class=\"elementor-widget-container\">\n\t\t\t\t\t<h2 class=\"elementor-heading-title elementor-size-default\"><a href=\"http:\/\/8k6.c7b.myftpupload.com\/reseller-register-a-deal\/\">REGISTRAR UN NEGOCIO<\/a><\/h2>\t\t\t\t<\/div>\n\t\t\t\t<\/div>\n\t\t\t\t<\/div>\n\t\t<div class=\"elementor-element elementor-element-9bcca84 e-con-full e-flex e-con e-child\" data-id=\"9bcca84\" data-element_type=\"container\" data-e-type=\"container\">\n\t\t\t\t<div class=\"elementor-element elementor-element-348e335 elementor-view-default elementor-widget elementor-widget-icon\" data-id=\"348e335\" data-element_type=\"widget\" data-e-type=\"widget\" data-widget_type=\"icon.default\">\n\t\t\t\t<div class=\"elementor-widget-container\">\n\t\t\t\t\t\t\t<div class=\"elementor-icon-wrapper\">\n\t\t\t<a class=\"elementor-icon\" href=\"http:\/\/8k6.c7b.myftpupload.com\/logout\/\">\n\t\t\t<i aria-hidden=\"true\" class=\"uic jquery-ui-icon-logout\"><\/i>\t\t\t<\/a>\n\t\t<\/div>\n\t\t\t\t\t\t<\/div>\n\t\t\t\t<\/div>\n\t\t\t\t<div class=\"elementor-element elementor-element-f2990eb elementor-widget elementor-widget-heading\" data-id=\"f2990eb\" data-element_type=\"widget\" data-e-type=\"widget\" data-widget_type=\"heading.default\">\n\t\t\t\t<div class=\"elementor-widget-container\">\n\t\t\t\t\t<h2 class=\"elementor-heading-title elementor-size-default\"><a href=\"http:\/\/8k6.c7b.myftpupload.com\/logout\/\">SALIR<\/a><\/h2>\t\t\t\t<\/div>\n\t\t\t\t<\/div>\n\t\t\t\t<\/div>\n\t\t\t\t<\/div>\n\t\t\t\t\t<\/div>\n\t\t\t\t<\/div>\n\t\t\t\t\t<\/div>\n\t\t\t\t<\/div>\n\t\t<div class=\"elementor-element elementor-element-fab76f6 e-flex e-con-boxed e-con e-parent\" data-id=\"fab76f6\" data-element_type=\"container\" data-e-type=\"container\">\n\t\t\t\t\t<div class=\"e-con-inner\">\n\t\t<div class=\"elementor-element elementor-element-42321bc e-flex e-con-boxed e-con e-child\" data-id=\"42321bc\" data-element_type=\"container\" data-e-type=\"container\">\n\t\t\t\t\t<div class=\"e-con-inner\">\n\t\t\t\t<div class=\"elementor-element elementor-element-9d5a1e4 elementor-widget elementor-widget-text-editor\" data-id=\"9d5a1e4\" data-element_type=\"widget\" data-e-type=\"widget\" data-widget_type=\"text-editor.default\">\n\t\t\t\t<div class=\"elementor-widget-container\">\n\t\t\t\t\t\t\t\t\t<table class=\"wp-list-table widefat fixed striped table-view-list posts\"><tbody id=\"the-list\"><tr id=\"post-18658\" class=\"iedit author-self level-0 post-18658 type-um_form status-publish hentry\"><td class=\"shortcode column-shortcode\" data-colname=\"Shortcode\">\n<div class=\"um um-login um-18658\">\n\t<div class=\"um-form\">\n\t\t<form method=\"post\" action=\"\" autocomplete=\"off\">\n\t\t\t<div class=\"um-row _um_row_1 login_form um-customized-row\" style=\"padding: 25px 25px 25px 25px;background-color: #252669;margin: 25px 25px 25px 25px;border-width: 5px 5px 5px 5px;border-style: solid;border-radius: 15px;color: #ffffff !important;\"><div class=\"um-col-121\"><div  id=\"um_field_18658_user_login\" class=\"um-field um-field-text  um-field-user_login um-field-text um-field-type_text\" data-key=\"user_login\"><div class=\"um-field-label\"><label for=\"user_login-18658\">Nombre de usuario<\/label><div class=\"um-clear\"><\/div><\/div><div class=\"um-field-area\"><input  autocomplete=\"off\" class=\"um-form-field valid \" type=\"text\" name=\"user_login-18658\" id=\"user_login-18658\" value=\"\" placeholder=\"\" data-validate=\"\" data-key=\"user_login\"  aria-invalid=\"false\" \/>\n\n\t\t\t\t\t\t<\/div><\/div><div  id=\"um_field_18658_user_password\" class=\"um-field um-field-password  um-field-user_password um-field-password um-field-type_password\" data-key=\"user_password\"><div class=\"um-field-label\"><label for=\"user_password-18658\">Contrase\u00f1a<\/label><div class=\"um-clear\"><\/div><\/div><div class=\"um-field-area\"><input class=\"um-form-field valid \" type=\"password\" name=\"user_password-18658\" id=\"user_password-18658\" value=\"\" placeholder=\"\" data-validate=\"\" data-key=\"user_password\"  aria-invalid=\"false\" \/>\n\n\t\t\t\t\t\t\t<\/div><\/div><\/div><div class=\"um-col-122\"><\/div><div class=\"um-clear\"><\/div><\/div>\t<input type=\"hidden\" name=\"form_id\" id=\"form_id_18658\" value=\"18658\" \/>\n\t\t<p class=\"um_request_name\">\n\t\t<label for=\"um_request_18658\">Only fill in if you are not human<\/label>\n\t\t<input type=\"hidden\" name=\"um_request\" id=\"um_request_18658\" class=\"input\" value=\"\" size=\"25\" autocomplete=\"off\" \/>\n\t<\/p>\n\t<input type=\"hidden\" name=\"redirect_to\" id=\"redirect_to\" value=\"https:\/\/s1t.525.mytemp.website\/reseller-portal-learn-more\/\" \/><input type=\"hidden\" id=\"_wpnonce\" name=\"_wpnonce\" value=\"1fead9b436\" \/><input type=\"hidden\" name=\"_wp_http_referer\" value=\"\/es\/wp-json\/wp\/v2\/pages\/27099\" \/>\n\t<div class=\"um-col-alt\">\n\n\t\t\n\n\t\t\t<div class=\"um-field um-field-c\">\n\t\t\t\t<div class=\"um-field-area\">\n\t\t\t\t\t<label class=\"um-field-checkbox\">\n\t\t\t\t\t\t<input type=\"checkbox\" name=\"rememberme\" value=\"1\"  \/>\n\t\t\t\t\t\t<span class=\"um-field-checkbox-state\"><i class=\"um-icon-android-checkbox-outline-blank\"><\/i><\/span>\n\t\t\t\t\t\t<span class=\"um-field-checkbox-option\"> Mantenerme conectado<\/span>\n\t\t\t\t\t<\/label>\n\t\t\t\t<\/div>\n\t\t\t<\/div>\n\n\t\t\t\t\t\t<div class=\"um-clear\"><\/div>\n\t\t\n\t\t\t<div class=\"um-left um-half\">\n\t\t\t\t<input type=\"submit\" value=\"Acceder\" class=\"um-button\" id=\"um-submit-btn\" \/>\n\t\t\t<\/div>\n\t\t\t<div class=\"um-right um-half\">\n\t\t\t\t<a href=\"https:\/\/fairfaxsoftware.com\/es\/pagina-de-registro-de-distribuidores\/\" class=\"um-button um-alt\">\n\t\t\t\t\tRegistro\t\t\t\t<\/a>\n\t\t\t<\/div>\n\n\t\t\n\t\t<div class=\"um-clear\"><\/div>\n\n\t<\/div>\n\n\t\n\t<div class=\"um-col-alt-b\">\n\t\t<a href=\"https:\/\/fairfaxsoftware.com\/es\/restablecer-contrasena\/\" class=\"um-link-alt\">\n\t\t\t\u00bfHas olvidado tu contrase\u00f1a?\t\t<\/a>\n\t<\/div>\n\n\t\t\t<\/form>\n\t<\/div>\n<\/div>\n<style>\n\t\t\t.um-18658.um {\n\t\t\tmax-width: 400px;\n\t\t}\n\t\t\t\t.um-18658.um {\n\t\t\tmargin-left: 0px !important;\n\t\t}\n\t<\/style>\n<\/td><\/tr><\/tbody><\/table>\t\t\t\t\t\t\t\t<\/div>\n\t\t\t\t<\/div>\n\t\t\t\t\t<\/div>\n\t\t\t\t<\/div>\n\t\t\t\t\t<\/div>\n\t\t\t\t<\/div>\n\t\t\t\t<\/div>\n\t\t","protected":false},"excerpt":{"rendered":"<p>INICIO DE SESI\u00d3N DE REVENDEDOR La galardonada suite de software de captura de informaci\u00f3n CONOCER M\u00c1S MI CUENTA REGISTRAR UN NEGOCIO SALIR<\/p>\n","protected":false},"author":2,"featured_media":0,"parent":0,"menu_order":13,"comment_status":"closed","ping_status":"closed","template":"elementor_header_footer","meta":{"ocean_post_layout":"","ocean_both_sidebars_style":"","ocean_both_sidebars_content_width":0,"ocean_both_sidebars_sidebars_width":0,"ocean_sidebar":"","ocean_second_sidebar":"","ocean_disable_margins":"enable","ocean_add_body_class":"","ocean_shortcode_before_top_bar":"","ocean_shortcode_after_top_bar":"","ocean_shortcode_before_header":"","ocean_shortcode_after_header":"","ocean_has_shortcode":"","ocean_shortcode_after_title":"","ocean_shortcode_before_footer_widgets":"","ocean_shortcode_after_footer_widgets":"","ocean_shortcode_before_footer_bottom":"","ocean_shortcode_after_footer_bottom":"","ocean_display_top_bar":"default","ocean_display_header":"default","ocean_header_style":"","ocean_center_header_left_menu":"","ocean_custom_header_template":"","ocean_custom_logo":0,"ocean_custom_retina_logo":0,"ocean_custom_logo_max_width":0,"ocean_custom_logo_tablet_max_width":0,"ocean_custom_logo_mobile_max_width":0,"ocean_custom_logo_max_height":0,"ocean_custom_logo_tablet_max_height":0,"ocean_custom_logo_mobile_max_height":0,"ocean_header_custom_menu":"","ocean_menu_typo_font_family":"","ocean_menu_typo_font_subset":"","ocean_menu_typo_font_size":0,"ocean_menu_typo_font_size_tablet":0,"ocean_menu_typo_font_size_mobile":0,"ocean_menu_typo_font_size_unit":"px","ocean_menu_typo_font_weight":"","ocean_menu_typo_font_weight_tablet":"","ocean_menu_typo_font_weight_mobile":"","ocean_menu_typo_transform":"","ocean_menu_typo_transform_tablet":"","ocean_menu_typo_transform_mobile":"","ocean_menu_typo_line_height":0,"ocean_menu_typo_line_height_tablet":0,"ocean_menu_typo_line_height_mobile":0,"ocean_menu_typo_line_height_unit":"","ocean_menu_typo_spacing":0,"ocean_menu_typo_spacing_tablet":0,"ocean_menu_typo_spacing_mobile":0,"ocean_menu_typo_spacing_unit":"","ocean_menu_link_color":"","ocean_menu_link_color_hover":"","ocean_menu_link_color_active":"","ocean_menu_link_background":"","ocean_menu_link_hover_background":"","ocean_menu_link_active_background":"","ocean_menu_social_links_bg":"","ocean_menu_social_hover_links_bg":"","ocean_menu_social_links_color":"","ocean_menu_social_hover_links_color":"","ocean_disable_title":"default","ocean_disable_heading":"default","ocean_post_title":"","ocean_post_subheading":"","ocean_post_title_style":"","ocean_post_title_background_color":"","ocean_post_title_background":0,"ocean_post_title_bg_image_position":"","ocean_post_title_bg_image_attachment":"","ocean_post_title_bg_image_repeat":"","ocean_post_title_bg_image_size":"","ocean_post_title_height":0,"ocean_post_title_bg_overlay":0.5,"ocean_post_title_bg_overlay_color":"","ocean_disable_breadcrumbs":"default","ocean_breadcrumbs_color":"","ocean_breadcrumbs_separator_color":"","ocean_breadcrumbs_links_color":"","ocean_breadcrumbs_links_hover_color":"","ocean_display_footer_widgets":"default","ocean_display_footer_bottom":"default","ocean_custom_footer_template":"","footnotes":""},"class_list":["post-27099","page","type-page","status-publish","hentry","entry"],"yoast_head":"<!-- This site is optimized with the Yoast SEO plugin v27.3 - https:\/\/yoast.com\/product\/yoast-seo-wordpress\/ -->\n<title>P\u00e1gina de inicio de sesi\u00f3n de revendedor1 - Fairfax Software<\/title>\n<meta name=\"robots\" content=\"index, follow, max-snippet:-1, max-image-preview:large, max-video-preview:-1\" \/>\n<link rel=\"canonical\" href=\"https:\/\/fairfaxsoftware.com\/es\/pagina-de-inicio-de-sesion-de-revendedor1\/\" \/>\n<meta property=\"og:locale\" content=\"es_ES\" \/>\n<meta property=\"og:type\" content=\"article\" \/>\n<meta property=\"og:title\" content=\"P\u00e1gina de inicio de sesi\u00f3n de revendedor1 - Fairfax Software\" \/>\n<meta property=\"og:description\" content=\"INICIO DE SESI\u00d3N DE REVENDEDOR La galardonada suite de software de captura de informaci\u00f3n CONOCER M\u00c1S MI CUENTA REGISTRAR UN NEGOCIO SALIR\" \/>\n<meta property=\"og:url\" content=\"https:\/\/fairfaxsoftware.com\/es\/pagina-de-inicio-de-sesion-de-revendedor1\/\" \/>\n<meta property=\"og:site_name\" content=\"Fairfax Software\" \/>\n<meta property=\"article:publisher\" content=\"https:\/\/www.facebook.com\/FairfaxSoftware\" \/>\n<meta property=\"article:modified_time\" content=\"2025-07-10T18:18:48+00:00\" \/>\n<meta name=\"twitter:card\" content=\"summary_large_image\" \/>\n<meta name=\"twitter:site\" content=\"@FairfaxSoftware\" \/>\n<script type=\"application\/ld+json\" class=\"yoast-schema-graph\">{\"@context\":\"https:\\\/\\\/schema.org\",\"@graph\":[{\"@type\":\"WebPage\",\"@id\":\"https:\\\/\\\/fairfaxsoftware.com\\\/es\\\/pagina-de-inicio-de-sesion-de-revendedor1\\\/\",\"url\":\"https:\\\/\\\/fairfaxsoftware.com\\\/es\\\/pagina-de-inicio-de-sesion-de-revendedor1\\\/\",\"name\":\"P\u00e1gina de inicio de sesi\u00f3n de revendedor1 - Fairfax Software\",\"isPartOf\":{\"@id\":\"https:\\\/\\\/s1t.525.mytemp.website\\\/#website\"},\"datePublished\":\"2024-03-20T21:47:35+00:00\",\"dateModified\":\"2025-07-10T18:18:48+00:00\",\"breadcrumb\":{\"@id\":\"https:\\\/\\\/fairfaxsoftware.com\\\/es\\\/pagina-de-inicio-de-sesion-de-revendedor1\\\/#breadcrumb\"},\"inLanguage\":\"es\",\"potentialAction\":[{\"@type\":\"ReadAction\",\"target\":[\"https:\\\/\\\/fairfaxsoftware.com\\\/es\\\/pagina-de-inicio-de-sesion-de-revendedor1\\\/\"]}]},{\"@type\":\"BreadcrumbList\",\"@id\":\"https:\\\/\\\/fairfaxsoftware.com\\\/es\\\/pagina-de-inicio-de-sesion-de-revendedor1\\\/#breadcrumb\",\"itemListElement\":[{\"@type\":\"ListItem\",\"position\":1,\"name\":\"Home\",\"item\":\"https:\\\/\\\/fairfaxsoftware.com\\\/es\\\/\"},{\"@type\":\"ListItem\",\"position\":2,\"name\":\"P\u00e1gina de inicio de sesi\u00f3n de revendedor1\"}]},{\"@type\":\"WebSite\",\"@id\":\"https:\\\/\\\/s1t.525.mytemp.website\\\/#website\",\"url\":\"https:\\\/\\\/s1t.525.mytemp.website\\\/\",\"name\":\"Fairfax Software\",\"description\":\"A Leading Provider of Financial Transaction Processing &amp; Intelligent Document Processing Solutions\",\"publisher\":{\"@id\":\"https:\\\/\\\/s1t.525.mytemp.website\\\/#organization\"},\"potentialAction\":[{\"@type\":\"SearchAction\",\"target\":{\"@type\":\"EntryPoint\",\"urlTemplate\":\"https:\\\/\\\/s1t.525.mytemp.website\\\/?s={search_term_string}\"},\"query-input\":{\"@type\":\"PropertyValueSpecification\",\"valueRequired\":true,\"valueName\":\"search_term_string\"}}],\"inLanguage\":\"es\"},{\"@type\":\"Organization\",\"@id\":\"https:\\\/\\\/s1t.525.mytemp.website\\\/#organization\",\"name\":\"Fairfax Software\",\"url\":\"https:\\\/\\\/s1t.525.mytemp.website\\\/\",\"logo\":{\"@type\":\"ImageObject\",\"inLanguage\":\"es\",\"@id\":\"https:\\\/\\\/s1t.525.mytemp.website\\\/#\\\/schema\\\/logo\\\/image\\\/\",\"url\":\"https:\\\/\\\/s1t.525.mytemp.website\\\/wp-content\\\/uploads\\\/2024\\\/06\\\/cropped-fairfaxsoftware-site-icon.png\",\"contentUrl\":\"https:\\\/\\\/s1t.525.mytemp.website\\\/wp-content\\\/uploads\\\/2024\\\/06\\\/cropped-fairfaxsoftware-site-icon.png\",\"width\":512,\"height\":512,\"caption\":\"Fairfax Software\"},\"image\":{\"@id\":\"https:\\\/\\\/s1t.525.mytemp.website\\\/#\\\/schema\\\/logo\\\/image\\\/\"},\"sameAs\":[\"https:\\\/\\\/www.facebook.com\\\/FairfaxSoftware\",\"https:\\\/\\\/x.com\\\/FairfaxSoftware\",\"https:\\\/\\\/www.linkedin.com\\\/company\\\/4717647\",\"https:\\\/\\\/www.instagram.com\\\/fairfaxsoftware\\\/\"]}]}<\/script>\n<!-- \/ Yoast SEO plugin. -->","yoast_head_json":{"title":"P\u00e1gina de inicio de sesi\u00f3n de revendedor1 - Fairfax Software","robots":{"index":"index","follow":"follow","max-snippet":"max-snippet:-1","max-image-preview":"max-image-preview:large","max-video-preview":"max-video-preview:-1"},"canonical":"https:\/\/fairfaxsoftware.com\/es\/pagina-de-inicio-de-sesion-de-revendedor1\/","og_locale":"es_ES","og_type":"article","og_title":"P\u00e1gina de inicio de sesi\u00f3n de revendedor1 - Fairfax Software","og_description":"INICIO DE SESI\u00d3N DE REVENDEDOR La galardonada suite de software de captura de informaci\u00f3n CONOCER M\u00c1S MI CUENTA REGISTRAR UN NEGOCIO SALIR","og_url":"https:\/\/fairfaxsoftware.com\/es\/pagina-de-inicio-de-sesion-de-revendedor1\/","og_site_name":"Fairfax Software","article_publisher":"https:\/\/www.facebook.com\/FairfaxSoftware","article_modified_time":"2025-07-10T18:18:48+00:00","twitter_card":"summary_large_image","twitter_site":"@FairfaxSoftware","schema":{"@context":"https:\/\/schema.org","@graph":[{"@type":"WebPage","@id":"https:\/\/fairfaxsoftware.com\/es\/pagina-de-inicio-de-sesion-de-revendedor1\/","url":"https:\/\/fairfaxsoftware.com\/es\/pagina-de-inicio-de-sesion-de-revendedor1\/","name":"P\u00e1gina de inicio de sesi\u00f3n de revendedor1 - Fairfax Software","isPartOf":{"@id":"https:\/\/s1t.525.mytemp.website\/#website"},"datePublished":"2024-03-20T21:47:35+00:00","dateModified":"2025-07-10T18:18:48+00:00","breadcrumb":{"@id":"https:\/\/fairfaxsoftware.com\/es\/pagina-de-inicio-de-sesion-de-revendedor1\/#breadcrumb"},"inLanguage":"es","potentialAction":[{"@type":"ReadAction","target":["https:\/\/fairfaxsoftware.com\/es\/pagina-de-inicio-de-sesion-de-revendedor1\/"]}]},{"@type":"BreadcrumbList","@id":"https:\/\/fairfaxsoftware.com\/es\/pagina-de-inicio-de-sesion-de-revendedor1\/#breadcrumb","itemListElement":[{"@type":"ListItem","position":1,"name":"Home","item":"https:\/\/fairfaxsoftware.com\/es\/"},{"@type":"ListItem","position":2,"name":"P\u00e1gina de inicio de sesi\u00f3n de revendedor1"}]},{"@type":"WebSite","@id":"https:\/\/s1t.525.mytemp.website\/#website","url":"https:\/\/s1t.525.mytemp.website\/","name":"Fairfax Software","description":"A Leading Provider of Financial Transaction Processing &amp; Intelligent Document Processing Solutions","publisher":{"@id":"https:\/\/s1t.525.mytemp.website\/#organization"},"potentialAction":[{"@type":"SearchAction","target":{"@type":"EntryPoint","urlTemplate":"https:\/\/s1t.525.mytemp.website\/?s={search_term_string}"},"query-input":{"@type":"PropertyValueSpecification","valueRequired":true,"valueName":"search_term_string"}}],"inLanguage":"es"},{"@type":"Organization","@id":"https:\/\/s1t.525.mytemp.website\/#organization","name":"Fairfax Software","url":"https:\/\/s1t.525.mytemp.website\/","logo":{"@type":"ImageObject","inLanguage":"es","@id":"https:\/\/s1t.525.mytemp.website\/#\/schema\/logo\/image\/","url":"https:\/\/s1t.525.mytemp.website\/wp-content\/uploads\/2024\/06\/cropped-fairfaxsoftware-site-icon.png","contentUrl":"https:\/\/s1t.525.mytemp.website\/wp-content\/uploads\/2024\/06\/cropped-fairfaxsoftware-site-icon.png","width":512,"height":512,"caption":"Fairfax Software"},"image":{"@id":"https:\/\/s1t.525.mytemp.website\/#\/schema\/logo\/image\/"},"sameAs":["https:\/\/www.facebook.com\/FairfaxSoftware","https:\/\/x.com\/FairfaxSoftware","https:\/\/www.linkedin.com\/company\/4717647","https:\/\/www.instagram.com\/fairfaxsoftware\/"]}]}},"rttpg_featured_image_url":null,"rttpg_author":{"display_name":"Benjamin Jackson","author_link":"https:\/\/fairfaxsoftware.com\/es\/author\/ben-jackson\/"},"rttpg_comment":0,"rttpg_category":" <a href=\"https:\/\/fairfaxsoftware.com\/es\/?taxonomy=translation_priority&#038;term=opcional-es\" rel=\"tag\">Opcional<\/a>","rttpg_excerpt":"INICIO DE SESI\u00d3N DE REVENDEDOR La galardonada suite de software de captura de informaci\u00f3n CONOCER M\u00c1S MI CUENTA REGISTRAR UN NEGOCIO SALIR","_links":{"self":[{"href":"https:\/\/fairfaxsoftware.com\/es\/wp-json\/wp\/v2\/pages\/27099","targetHints":{"allow":["GET"]}}],"collection":[{"href":"https:\/\/fairfaxsoftware.com\/es\/wp-json\/wp\/v2\/pages"}],"about":[{"href":"https:\/\/fairfaxsoftware.com\/es\/wp-json\/wp\/v2\/types\/page"}],"author":[{"embeddable":true,"href":"https:\/\/fairfaxsoftware.com\/es\/wp-json\/wp\/v2\/users\/2"}],"replies":[{"embeddable":true,"href":"https:\/\/fairfaxsoftware.com\/es\/wp-json\/wp\/v2\/comments?post=27099"}],"version-history":[{"count":1,"href":"https:\/\/fairfaxsoftware.com\/es\/wp-json\/wp\/v2\/pages\/27099\/revisions"}],"predecessor-version":[{"id":27100,"href":"https:\/\/fairfaxsoftware.com\/es\/wp-json\/wp\/v2\/pages\/27099\/revisions\/27100"}],"wp:attachment":[{"href":"https:\/\/fairfaxsoftware.com\/es\/wp-json\/wp\/v2\/media?parent=27099"}],"curies":[{"name":"wp","href":"https:\/\/api.w.org\/{rel}","templated":true}]}}