{"id":27109,"date":"2024-03-19T17:20:02","date_gmt":"2024-03-19T17:20:02","guid":{"rendered":"https:\/\/s1t.525.mytemp.website\/pagina-de-usuario-del-portal-de-distribuidores\/"},"modified":"2025-05-21T17:54:00","modified_gmt":"2025-05-21T17:54:00","slug":"pagina-de-usuario-del-portal-de-distribuidores","status":"publish","type":"page","link":"https:\/\/fairfaxsoftware.com\/es\/pagina-de-usuario-del-portal-de-distribuidores\/","title":{"rendered":"P\u00e1gina de usuario del Portal de Distribuidores"},"content":{"rendered":"\t\t<div data-elementor-type=\"wp-page\" data-elementor-id=\"27109\" class=\"elementor elementor-27109 elementor-18373\">\n\t\t\t\t<div class=\"elementor-element elementor-element-9ba011a e-con-full e-flex wpr-equal-height-no elementor-invisible e-con e-parent\" data-id=\"9ba011a\" data-element_type=\"container\" data-e-type=\"container\" data-settings=\"{&quot;background_background&quot;:&quot;slideshow&quot;,&quot;background_slideshow_gallery&quot;:[{&quot;id&quot;:2370,&quot;url&quot;:&quot;http:\\\/\\\/8k6.c7b.myftpupload.com\\\/wp-content\\\/uploads\\\/2024\\\/01\\\/Header_Slides-2.jpg&quot;}],&quot;background_slideshow_transition_duration&quot;:800,&quot;background_slideshow_ken_burns&quot;:&quot;yes&quot;,&quot;background_slideshow_ken_burns_zoom_direction&quot;:&quot;out&quot;,&quot;animation&quot;:&quot;fadeIn&quot;,&quot;background_slideshow_loop&quot;:&quot;yes&quot;,&quot;background_slideshow_slide_duration&quot;:5000,&quot;background_slideshow_slide_transition&quot;:&quot;fade&quot;}\">\n\t\t<div class=\"elementor-element elementor-element-7f62bb7 e-con-full animated-slow e-flex wpr-equal-height-no elementor-invisible e-con e-child\" data-id=\"7f62bb7\" data-element_type=\"container\" data-e-type=\"container\" data-settings=\"{&quot;background_background&quot;:&quot;classic&quot;,&quot;animation&quot;:&quot;fadeInLeft&quot;,&quot;animation_delay&quot;:1000}\">\n\t\t\t\t<div class=\"elementor-element elementor-element-afd0389 elementor-widget elementor-widget-heading\" data-id=\"afd0389\" data-element_type=\"widget\" data-e-type=\"widget\" data-widget_type=\"heading.default\">\n\t\t\t\t<div class=\"elementor-widget-container\">\n\t\t\t\t\t<h2 class=\"elementor-heading-title elementor-size-default\">PORTAL DEL DISTRIBUIDOR<\/h2>\t\t\t\t<\/div>\n\t\t\t\t<\/div>\n\t\t\t\t<div class=\"elementor-element elementor-element-c9a1a43 elementor-widget elementor-widget-heading\" data-id=\"c9a1a43\" data-element_type=\"widget\" data-e-type=\"widget\" data-widget_type=\"heading.default\">\n\t\t\t\t<div class=\"elementor-widget-container\">\n\t\t\t\t\t<h2 class=\"elementor-heading-title elementor-size-default\">La galardonada suite de software de digitalizaci\u00f3n y captura de informaci\u00f3n\n\n<\/h2>\t\t\t\t<\/div>\n\t\t\t\t<\/div>\n\t\t\t\t<\/div>\n\t\t\t\t<\/div>\n\t\t<div class=\"elementor-element elementor-element-cc707aa e-flex e-con-boxed wpr-equal-height-no e-con e-parent\" data-id=\"cc707aa\" data-element_type=\"container\" data-e-type=\"container\">\n\t\t\t\t\t<div class=\"e-con-inner\">\n\t\t<div class=\"elementor-element elementor-element-8321a85 e-flex e-con-boxed wpr-equal-height-no e-con e-child\" data-id=\"8321a85\" data-element_type=\"container\" data-e-type=\"container\" data-settings=\"{&quot;background_background&quot;:&quot;classic&quot;}\">\n\t\t\t\t\t<div class=\"e-con-inner\">\n\t\t<div class=\"elementor-element elementor-element-33c2229 e-con-full e-flex wpr-equal-height-no e-con e-child\" data-id=\"33c2229\" data-element_type=\"container\" data-e-type=\"container\">\n\t\t\t\t<div class=\"elementor-element elementor-element-0cddd1f elementor-view-default elementor-widget elementor-widget-icon\" data-id=\"0cddd1f\" data-element_type=\"widget\" data-e-type=\"widget\" data-widget_type=\"icon.default\">\n\t\t\t\t<div class=\"elementor-widget-container\">\n\t\t\t\t\t\t\t<div class=\"elementor-icon-wrapper\">\n\t\t\t<a class=\"elementor-icon\" href=\"http:\/\/8k6.c7b.myftpupload.com\/reseller-portal-learn-more\/\">\n\t\t\t<i aria-hidden=\"true\" class=\"material-icons md-school\"><\/i>\t\t\t<\/a>\n\t\t<\/div>\n\t\t\t\t\t\t<\/div>\n\t\t\t\t<\/div>\n\t\t\t\t<div class=\"elementor-element elementor-element-a16e49d elementor-widget elementor-widget-heading\" data-id=\"a16e49d\" data-element_type=\"widget\" data-e-type=\"widget\" data-widget_type=\"heading.default\">\n\t\t\t\t<div class=\"elementor-widget-container\">\n\t\t\t\t\t<h2 class=\"elementor-heading-title elementor-size-default\"><a href=\"http:\/\/8k6.c7b.myftpupload.com\/reseller-portal-learn-more\/\">CONOCER M\u00c1S<\/a><\/h2>\t\t\t\t<\/div>\n\t\t\t\t<\/div>\n\t\t\t\t<\/div>\n\t\t<div class=\"elementor-element elementor-element-d358af2 e-con-full e-flex wpr-equal-height-no e-con e-child\" data-id=\"d358af2\" data-element_type=\"container\" data-e-type=\"container\">\n\t\t\t\t<div class=\"elementor-element elementor-element-803b05f elementor-view-default elementor-widget elementor-widget-icon\" data-id=\"803b05f\" data-element_type=\"widget\" data-e-type=\"widget\" data-widget_type=\"icon.default\">\n\t\t\t\t<div class=\"elementor-widget-container\">\n\t\t\t\t\t\t\t<div class=\"elementor-icon-wrapper\">\n\t\t\t<a class=\"elementor-icon\" href=\"http:\/\/8k6.c7b.myftpupload.com\/account\/\">\n\t\t\t<i aria-hidden=\"true\" class=\"material-icons md-account_circle\"><\/i>\t\t\t<\/a>\n\t\t<\/div>\n\t\t\t\t\t\t<\/div>\n\t\t\t\t<\/div>\n\t\t\t\t<div class=\"elementor-element elementor-element-01b532d elementor-widget elementor-widget-heading\" data-id=\"01b532d\" data-element_type=\"widget\" data-e-type=\"widget\" data-widget_type=\"heading.default\">\n\t\t\t\t<div class=\"elementor-widget-container\">\n\t\t\t\t\t<h2 class=\"elementor-heading-title elementor-size-default\"><a href=\"http:\/\/8k6.c7b.myftpupload.com\/account\/\">MI CUENTA<\/a><\/h2>\t\t\t\t<\/div>\n\t\t\t\t<\/div>\n\t\t\t\t<\/div>\n\t\t<div class=\"elementor-element elementor-element-ae9bc83 e-con-full e-flex wpr-equal-height-no e-con e-child\" data-id=\"ae9bc83\" data-element_type=\"container\" data-e-type=\"container\">\n\t\t\t\t<div class=\"elementor-element elementor-element-3c70acf elementor-view-default elementor-widget elementor-widget-icon\" data-id=\"3c70acf\" data-element_type=\"widget\" data-e-type=\"widget\" data-widget_type=\"icon.default\">\n\t\t\t\t<div class=\"elementor-widget-container\">\n\t\t\t\t\t\t\t<div class=\"elementor-icon-wrapper\">\n\t\t\t<a class=\"elementor-icon\" href=\"http:\/\/8k6.c7b.myftpupload.com\/reseller-register-a-deal\/\">\n\t\t\t<i aria-hidden=\"true\" class=\"xlwpf isaxbold-money-send\"><\/i>\t\t\t<\/a>\n\t\t<\/div>\n\t\t\t\t\t\t<\/div>\n\t\t\t\t<\/div>\n\t\t\t\t<div class=\"elementor-element elementor-element-2b4837d elementor-widget elementor-widget-heading\" data-id=\"2b4837d\" data-element_type=\"widget\" data-e-type=\"widget\" data-widget_type=\"heading.default\">\n\t\t\t\t<div class=\"elementor-widget-container\">\n\t\t\t\t\t<h2 class=\"elementor-heading-title elementor-size-default\"><a href=\"http:\/\/8k6.c7b.myftpupload.com\/reseller-register-a-deal\/\">REGISTRAR UN NEGOCIO<\/a><\/h2>\t\t\t\t<\/div>\n\t\t\t\t<\/div>\n\t\t\t\t<\/div>\n\t\t<div class=\"elementor-element elementor-element-81b9485 e-con-full e-flex wpr-equal-height-no e-con e-child\" data-id=\"81b9485\" data-element_type=\"container\" data-e-type=\"container\">\n\t\t\t\t<div class=\"elementor-element elementor-element-f79aa43 elementor-view-default elementor-widget elementor-widget-icon\" data-id=\"f79aa43\" data-element_type=\"widget\" data-e-type=\"widget\" data-widget_type=\"icon.default\">\n\t\t\t\t<div class=\"elementor-widget-container\">\n\t\t\t\t\t\t\t<div class=\"elementor-icon-wrapper\">\n\t\t\t<a class=\"elementor-icon\" href=\"http:\/\/8k6.c7b.myftpupload.com\/logout\/\">\n\t\t\t<i aria-hidden=\"true\" class=\"uic jquery-ui-icon-logout\"><\/i>\t\t\t<\/a>\n\t\t<\/div>\n\t\t\t\t\t\t<\/div>\n\t\t\t\t<\/div>\n\t\t\t\t<div class=\"elementor-element elementor-element-d856efc elementor-widget elementor-widget-heading\" data-id=\"d856efc\" data-element_type=\"widget\" data-e-type=\"widget\" data-widget_type=\"heading.default\">\n\t\t\t\t<div class=\"elementor-widget-container\">\n\t\t\t\t\t<h2 class=\"elementor-heading-title elementor-size-default\"><a href=\"http:\/\/8k6.c7b.myftpupload.com\/logout\/\">SALIR<\/a><\/h2>\t\t\t\t<\/div>\n\t\t\t\t<\/div>\n\t\t\t\t<\/div>\n\t\t\t\t\t<\/div>\n\t\t\t\t<\/div>\n\t\t\t\t\t<\/div>\n\t\t\t\t<\/div>\n\t\t\t\t<\/div>\n\t\t","protected":false},"excerpt":{"rendered":"<p>PORTAL DEL DISTRIBUIDOR La galardonada suite de software de digitalizaci\u00f3n y captura de informaci\u00f3n CONOCER M\u00c1S MI CUENTA REGISTRAR UN NEGOCIO SALIR<\/p>\n","protected":false},"author":2,"featured_media":0,"parent":0,"menu_order":5,"comment_status":"closed","ping_status":"closed","template":"elementor_header_footer","meta":{"ocean_post_layout":"","ocean_both_sidebars_style":"","ocean_both_sidebars_content_width":0,"ocean_both_sidebars_sidebars_width":0,"ocean_sidebar":"","ocean_second_sidebar":"","ocean_disable_margins":"enable","ocean_add_body_class":"","ocean_shortcode_before_top_bar":"","ocean_shortcode_after_top_bar":"","ocean_shortcode_before_header":"","ocean_shortcode_after_header":"","ocean_has_shortcode":"","ocean_shortcode_after_title":"","ocean_shortcode_before_footer_widgets":"","ocean_shortcode_after_footer_widgets":"","ocean_shortcode_before_footer_bottom":"","ocean_shortcode_after_footer_bottom":"","ocean_display_top_bar":"default","ocean_display_header":"default","ocean_header_style":"","ocean_center_header_left_menu":"","ocean_custom_header_template":"","ocean_custom_logo":0,"ocean_custom_retina_logo":0,"ocean_custom_logo_max_width":0,"ocean_custom_logo_tablet_max_width":0,"ocean_custom_logo_mobile_max_width":0,"ocean_custom_logo_max_height":0,"ocean_custom_logo_tablet_max_height":0,"ocean_custom_logo_mobile_max_height":0,"ocean_header_custom_menu":"","ocean_menu_typo_font_family":"","ocean_menu_typo_font_subset":"","ocean_menu_typo_font_size":0,"ocean_menu_typo_font_size_tablet":0,"ocean_menu_typo_font_size_mobile":0,"ocean_menu_typo_font_size_unit":"px","ocean_menu_typo_font_weight":"","ocean_menu_typo_font_weight_tablet":"","ocean_menu_typo_font_weight_mobile":"","ocean_menu_typo_transform":"","ocean_menu_typo_transform_tablet":"","ocean_menu_typo_transform_mobile":"","ocean_menu_typo_line_height":0,"ocean_menu_typo_line_height_tablet":0,"ocean_menu_typo_line_height_mobile":0,"ocean_menu_typo_line_height_unit":"","ocean_menu_typo_spacing":0,"ocean_menu_typo_spacing_tablet":0,"ocean_menu_typo_spacing_mobile":0,"ocean_menu_typo_spacing_unit":"","ocean_menu_link_color":"","ocean_menu_link_color_hover":"","ocean_menu_link_color_active":"","ocean_menu_link_background":"","ocean_menu_link_hover_background":"","ocean_menu_link_active_background":"","ocean_menu_social_links_bg":"","ocean_menu_social_hover_links_bg":"","ocean_menu_social_links_color":"","ocean_menu_social_hover_links_color":"","ocean_disable_title":"default","ocean_disable_heading":"default","ocean_post_title":"","ocean_post_subheading":"","ocean_post_title_style":"","ocean_post_title_background_color":"","ocean_post_title_background":0,"ocean_post_title_bg_image_position":"","ocean_post_title_bg_image_attachment":"","ocean_post_title_bg_image_repeat":"","ocean_post_title_bg_image_size":"","ocean_post_title_height":0,"ocean_post_title_bg_overlay":0.5,"ocean_post_title_bg_overlay_color":"","ocean_disable_breadcrumbs":"default","ocean_breadcrumbs_color":"","ocean_breadcrumbs_separator_color":"","ocean_breadcrumbs_links_color":"","ocean_breadcrumbs_links_hover_color":"","ocean_display_footer_widgets":"default","ocean_display_footer_bottom":"default","ocean_custom_footer_template":"","footnotes":""},"class_list":["post-27109","page","type-page","status-publish","hentry","entry"],"yoast_head":"<!-- This site is optimized with the Yoast SEO plugin v27.3 - https:\/\/yoast.com\/product\/yoast-seo-wordpress\/ -->\n<title>P\u00e1gina de usuario del Portal de Distribuidores - Fairfax Software<\/title>\n<meta name=\"robots\" content=\"index, follow, max-snippet:-1, max-image-preview:large, max-video-preview:-1\" \/>\n<link rel=\"canonical\" href=\"https:\/\/fairfaxsoftware.com\/es\/pagina-de-usuario-del-portal-de-distribuidores\/\" \/>\n<meta property=\"og:locale\" content=\"es_ES\" \/>\n<meta property=\"og:type\" content=\"article\" \/>\n<meta property=\"og:title\" content=\"P\u00e1gina de usuario del Portal de Distribuidores - Fairfax Software\" \/>\n<meta property=\"og:description\" content=\"PORTAL DEL DISTRIBUIDOR La galardonada suite de software de digitalizaci\u00f3n y captura de informaci\u00f3n CONOCER M\u00c1S MI CUENTA REGISTRAR UN NEGOCIO SALIR\" \/>\n<meta property=\"og:url\" content=\"https:\/\/fairfaxsoftware.com\/es\/pagina-de-usuario-del-portal-de-distribuidores\/\" \/>\n<meta property=\"og:site_name\" content=\"Fairfax Software\" \/>\n<meta property=\"article:publisher\" content=\"https:\/\/www.facebook.com\/FairfaxSoftware\" \/>\n<meta property=\"article:modified_time\" content=\"2025-05-21T17:54:00+00:00\" \/>\n<meta name=\"twitter:card\" content=\"summary_large_image\" \/>\n<meta name=\"twitter:site\" content=\"@FairfaxSoftware\" \/>\n<script type=\"application\/ld+json\" class=\"yoast-schema-graph\">{\"@context\":\"https:\\\/\\\/schema.org\",\"@graph\":[{\"@type\":\"WebPage\",\"@id\":\"https:\\\/\\\/fairfaxsoftware.com\\\/es\\\/pagina-de-usuario-del-portal-de-distribuidores\\\/\",\"url\":\"https:\\\/\\\/fairfaxsoftware.com\\\/es\\\/pagina-de-usuario-del-portal-de-distribuidores\\\/\",\"name\":\"P\u00e1gina de usuario del Portal de Distribuidores - Fairfax Software\",\"isPartOf\":{\"@id\":\"https:\\\/\\\/s1t.525.mytemp.website\\\/#website\"},\"datePublished\":\"2024-03-19T17:20:02+00:00\",\"dateModified\":\"2025-05-21T17:54:00+00:00\",\"breadcrumb\":{\"@id\":\"https:\\\/\\\/fairfaxsoftware.com\\\/es\\\/pagina-de-usuario-del-portal-de-distribuidores\\\/#breadcrumb\"},\"inLanguage\":\"es\",\"potentialAction\":[{\"@type\":\"ReadAction\",\"target\":[\"https:\\\/\\\/fairfaxsoftware.com\\\/es\\\/pagina-de-usuario-del-portal-de-distribuidores\\\/\"]}]},{\"@type\":\"BreadcrumbList\",\"@id\":\"https:\\\/\\\/fairfaxsoftware.com\\\/es\\\/pagina-de-usuario-del-portal-de-distribuidores\\\/#breadcrumb\",\"itemListElement\":[{\"@type\":\"ListItem\",\"position\":1,\"name\":\"Home\",\"item\":\"https:\\\/\\\/fairfaxsoftware.com\\\/es\\\/\"},{\"@type\":\"ListItem\",\"position\":2,\"name\":\"P\u00e1gina de usuario del Portal de Distribuidores\"}]},{\"@type\":\"WebSite\",\"@id\":\"https:\\\/\\\/s1t.525.mytemp.website\\\/#website\",\"url\":\"https:\\\/\\\/s1t.525.mytemp.website\\\/\",\"name\":\"Fairfax Software\",\"description\":\"A Leading Provider of Financial Transaction Processing &amp; Intelligent Document Processing Solutions\",\"publisher\":{\"@id\":\"https:\\\/\\\/s1t.525.mytemp.website\\\/#organization\"},\"potentialAction\":[{\"@type\":\"SearchAction\",\"target\":{\"@type\":\"EntryPoint\",\"urlTemplate\":\"https:\\\/\\\/s1t.525.mytemp.website\\\/?s={search_term_string}\"},\"query-input\":{\"@type\":\"PropertyValueSpecification\",\"valueRequired\":true,\"valueName\":\"search_term_string\"}}],\"inLanguage\":\"es\"},{\"@type\":\"Organization\",\"@id\":\"https:\\\/\\\/s1t.525.mytemp.website\\\/#organization\",\"name\":\"Fairfax Software\",\"url\":\"https:\\\/\\\/s1t.525.mytemp.website\\\/\",\"logo\":{\"@type\":\"ImageObject\",\"inLanguage\":\"es\",\"@id\":\"https:\\\/\\\/s1t.525.mytemp.website\\\/#\\\/schema\\\/logo\\\/image\\\/\",\"url\":\"https:\\\/\\\/s1t.525.mytemp.website\\\/wp-content\\\/uploads\\\/2024\\\/06\\\/cropped-fairfaxsoftware-site-icon.png\",\"contentUrl\":\"https:\\\/\\\/s1t.525.mytemp.website\\\/wp-content\\\/uploads\\\/2024\\\/06\\\/cropped-fairfaxsoftware-site-icon.png\",\"width\":512,\"height\":512,\"caption\":\"Fairfax Software\"},\"image\":{\"@id\":\"https:\\\/\\\/s1t.525.mytemp.website\\\/#\\\/schema\\\/logo\\\/image\\\/\"},\"sameAs\":[\"https:\\\/\\\/www.facebook.com\\\/FairfaxSoftware\",\"https:\\\/\\\/x.com\\\/FairfaxSoftware\",\"https:\\\/\\\/www.linkedin.com\\\/company\\\/4717647\",\"https:\\\/\\\/www.instagram.com\\\/fairfaxsoftware\\\/\"]}]}<\/script>\n<!-- \/ Yoast SEO plugin. -->","yoast_head_json":{"title":"P\u00e1gina de usuario del Portal de Distribuidores - Fairfax Software","robots":{"index":"index","follow":"follow","max-snippet":"max-snippet:-1","max-image-preview":"max-image-preview:large","max-video-preview":"max-video-preview:-1"},"canonical":"https:\/\/fairfaxsoftware.com\/es\/pagina-de-usuario-del-portal-de-distribuidores\/","og_locale":"es_ES","og_type":"article","og_title":"P\u00e1gina de usuario del Portal de Distribuidores - Fairfax Software","og_description":"PORTAL DEL DISTRIBUIDOR La galardonada suite de software de digitalizaci\u00f3n y captura de informaci\u00f3n CONOCER M\u00c1S MI CUENTA REGISTRAR UN NEGOCIO SALIR","og_url":"https:\/\/fairfaxsoftware.com\/es\/pagina-de-usuario-del-portal-de-distribuidores\/","og_site_name":"Fairfax Software","article_publisher":"https:\/\/www.facebook.com\/FairfaxSoftware","article_modified_time":"2025-05-21T17:54:00+00:00","twitter_card":"summary_large_image","twitter_site":"@FairfaxSoftware","schema":{"@context":"https:\/\/schema.org","@graph":[{"@type":"WebPage","@id":"https:\/\/fairfaxsoftware.com\/es\/pagina-de-usuario-del-portal-de-distribuidores\/","url":"https:\/\/fairfaxsoftware.com\/es\/pagina-de-usuario-del-portal-de-distribuidores\/","name":"P\u00e1gina de usuario del Portal de Distribuidores - Fairfax Software","isPartOf":{"@id":"https:\/\/s1t.525.mytemp.website\/#website"},"datePublished":"2024-03-19T17:20:02+00:00","dateModified":"2025-05-21T17:54:00+00:00","breadcrumb":{"@id":"https:\/\/fairfaxsoftware.com\/es\/pagina-de-usuario-del-portal-de-distribuidores\/#breadcrumb"},"inLanguage":"es","potentialAction":[{"@type":"ReadAction","target":["https:\/\/fairfaxsoftware.com\/es\/pagina-de-usuario-del-portal-de-distribuidores\/"]}]},{"@type":"BreadcrumbList","@id":"https:\/\/fairfaxsoftware.com\/es\/pagina-de-usuario-del-portal-de-distribuidores\/#breadcrumb","itemListElement":[{"@type":"ListItem","position":1,"name":"Home","item":"https:\/\/fairfaxsoftware.com\/es\/"},{"@type":"ListItem","position":2,"name":"P\u00e1gina de usuario del Portal de Distribuidores"}]},{"@type":"WebSite","@id":"https:\/\/s1t.525.mytemp.website\/#website","url":"https:\/\/s1t.525.mytemp.website\/","name":"Fairfax Software","description":"A Leading Provider of Financial Transaction Processing &amp; Intelligent Document Processing Solutions","publisher":{"@id":"https:\/\/s1t.525.mytemp.website\/#organization"},"potentialAction":[{"@type":"SearchAction","target":{"@type":"EntryPoint","urlTemplate":"https:\/\/s1t.525.mytemp.website\/?s={search_term_string}"},"query-input":{"@type":"PropertyValueSpecification","valueRequired":true,"valueName":"search_term_string"}}],"inLanguage":"es"},{"@type":"Organization","@id":"https:\/\/s1t.525.mytemp.website\/#organization","name":"Fairfax Software","url":"https:\/\/s1t.525.mytemp.website\/","logo":{"@type":"ImageObject","inLanguage":"es","@id":"https:\/\/s1t.525.mytemp.website\/#\/schema\/logo\/image\/","url":"https:\/\/s1t.525.mytemp.website\/wp-content\/uploads\/2024\/06\/cropped-fairfaxsoftware-site-icon.png","contentUrl":"https:\/\/s1t.525.mytemp.website\/wp-content\/uploads\/2024\/06\/cropped-fairfaxsoftware-site-icon.png","width":512,"height":512,"caption":"Fairfax Software"},"image":{"@id":"https:\/\/s1t.525.mytemp.website\/#\/schema\/logo\/image\/"},"sameAs":["https:\/\/www.facebook.com\/FairfaxSoftware","https:\/\/x.com\/FairfaxSoftware","https:\/\/www.linkedin.com\/company\/4717647","https:\/\/www.instagram.com\/fairfaxsoftware\/"]}]}},"rttpg_featured_image_url":null,"rttpg_author":{"display_name":"Benjamin Jackson","author_link":"https:\/\/fairfaxsoftware.com\/es\/author\/ben-jackson\/"},"rttpg_comment":0,"rttpg_category":" <a href=\"https:\/\/fairfaxsoftware.com\/es\/?taxonomy=translation_priority&#038;term=opcional-es\" rel=\"tag\">Opcional<\/a>","rttpg_excerpt":"PORTAL DEL DISTRIBUIDOR La galardonada suite de software de digitalizaci\u00f3n y captura de informaci\u00f3n CONOCER M\u00c1S MI CUENTA REGISTRAR UN NEGOCIO SALIR","_links":{"self":[{"href":"https:\/\/fairfaxsoftware.com\/es\/wp-json\/wp\/v2\/pages\/27109","targetHints":{"allow":["GET"]}}],"collection":[{"href":"https:\/\/fairfaxsoftware.com\/es\/wp-json\/wp\/v2\/pages"}],"about":[{"href":"https:\/\/fairfaxsoftware.com\/es\/wp-json\/wp\/v2\/types\/page"}],"author":[{"embeddable":true,"href":"https:\/\/fairfaxsoftware.com\/es\/wp-json\/wp\/v2\/users\/2"}],"replies":[{"embeddable":true,"href":"https:\/\/fairfaxsoftware.com\/es\/wp-json\/wp\/v2\/comments?post=27109"}],"version-history":[{"count":1,"href":"https:\/\/fairfaxsoftware.com\/es\/wp-json\/wp\/v2\/pages\/27109\/revisions"}],"predecessor-version":[{"id":27110,"href":"https:\/\/fairfaxsoftware.com\/es\/wp-json\/wp\/v2\/pages\/27109\/revisions\/27110"}],"wp:attachment":[{"href":"https:\/\/fairfaxsoftware.com\/es\/wp-json\/wp\/v2\/media?parent=27109"}],"curies":[{"name":"wp","href":"https:\/\/api.w.org\/{rel}","templated":true}]}}