{"id":27123,"date":"2024-01-25T22:22:47","date_gmt":"2024-01-25T22:22:47","guid":{"rendered":"https:\/\/s1t.525.mytemp.website\/soporte-tecnico\/"},"modified":"2025-08-14T17:26:28","modified_gmt":"2025-08-14T17:26:28","slug":"soporte-tecnico","status":"publish","type":"page","link":"https:\/\/fairfaxsoftware.com\/es\/fairfax-software-soluciones-para-transacciones-financieras-y-procesamiento-inteligente-de-documentos\/clientes\/soporte-tecnico\/","title":{"rendered":"Soporte t\u00e9cnico"},"content":{"rendered":"\t\t<div data-elementor-type=\"wp-page\" data-elementor-id=\"27123\" class=\"elementor elementor-27123 elementor-2664\">\n\t\t\t\t<div class=\"elementor-element elementor-element-498a3cbf e-con-full e-flex wpr-equal-height-no elementor-invisible e-con e-parent\" data-id=\"498a3cbf\" data-element_type=\"container\" data-e-type=\"container\" data-settings=\"{&quot;background_background&quot;:&quot;slideshow&quot;,&quot;background_slideshow_gallery&quot;:[{&quot;id&quot;:20963,&quot;url&quot;:&quot;http:\\\/\\\/8k6.c7b.myftpupload.com\\\/wp-content\\\/uploads\\\/2024\\\/06\\\/Fairfax-Software-Technical-Support1.jpg&quot;}],&quot;background_slideshow_transition_duration&quot;:800,&quot;animation&quot;:&quot;fadeIn&quot;,&quot;background_slideshow_loop&quot;:&quot;yes&quot;,&quot;background_slideshow_slide_duration&quot;:5000,&quot;background_slideshow_slide_transition&quot;:&quot;fade&quot;}\">\n\t\t<div class=\"elementor-element elementor-element-545e28c7 e-con-full animated-slow e-flex wpr-equal-height-no elementor-invisible e-con e-child\" data-id=\"545e28c7\" data-element_type=\"container\" data-e-type=\"container\" data-settings=\"{&quot;background_background&quot;:&quot;classic&quot;,&quot;animation&quot;:&quot;fadeInLeft&quot;,&quot;animation_delay&quot;:1000}\">\n\t\t\t\t<div class=\"elementor-element elementor-element-242b9ceb elementor-widget elementor-widget-heading\" data-id=\"242b9ceb\" data-element_type=\"widget\" data-e-type=\"widget\" data-widget_type=\"heading.default\">\n\t\t\t\t<div class=\"elementor-widget-container\">\n\t\t\t\t\t<h2 class=\"elementor-heading-title elementor-size-default\">SOPORTE T\u00c9CNICO <br><\/h2>\t\t\t\t<\/div>\n\t\t\t\t<\/div>\n\t\t\t\t<div class=\"elementor-element elementor-element-dee44eb elementor-widget elementor-widget-heading\" data-id=\"dee44eb\" data-element_type=\"widget\" data-e-type=\"widget\" data-widget_type=\"heading.default\">\n\t\t\t\t<div class=\"elementor-widget-container\">\n\t\t\t\t\t<h2 class=\"elementor-heading-title elementor-size-default\">Contacta hoy mismo con nuestro <br>Equipo de Soporte para cualquier ayuda.<\/h2>\t\t\t\t<\/div>\n\t\t\t\t<\/div>\n\t\t\t\t<\/div>\n\t\t\t\t<\/div>\n\t\t<div class=\"elementor-element elementor-element-4db7927 e-flex e-con-boxed wpr-equal-height-no elementor-invisible e-con e-parent\" data-id=\"4db7927\" data-element_type=\"container\" data-e-type=\"container\" data-settings=\"{&quot;animation&quot;:&quot;fadeIn&quot;}\">\n\t\t\t\t\t<div class=\"e-con-inner\">\n\t\t<div class=\"elementor-element elementor-element-3153f20 e-con-full e-flex wpr-equal-height-no e-con e-child\" data-id=\"3153f20\" data-element_type=\"container\" data-e-type=\"container\">\n\t\t<div class=\"elementor-element elementor-element-22d1d8b e-con-full e-flex wpr-equal-height-no e-con e-child\" data-id=\"22d1d8b\" data-element_type=\"container\" data-e-type=\"container\">\n\t\t\t\t<div class=\"elementor-element elementor-element-9f32d71 elementor-widget elementor-widget-text-editor\" data-id=\"9f32d71\" data-element_type=\"widget\" data-e-type=\"widget\" data-widget_type=\"text-editor.default\">\n\t\t\t\t<div class=\"elementor-widget-container\">\n\t\t\t\t\t\t\t\t\t<h2 style=\"font-size: 1.2em;\"><strong>Acceder a soporte y servicio por tel\u00e9fono, correo electr\u00f3nico o fax:<\/strong><\/h2>\n<p>Tel: 1-877-OCR-TECK<a style=\"color: #29ae00;\" href=\"tel:18776278325\">(1-877-627-8325<\/a>)<\/p>\n<p>Fax: 1-703-802-2878<\/p>\n<p>Correo electr\u00f3nico: <a style=\"color: #29ae00;\" href=\"mailto:helpdesk@fairfaxsoftware.com\">helpdesk@fairfaxsoftware.com<\/a><\/p>\n<h2 style=\"font-size: 1.2em;\"><strong>\u00a1O puedes acceder a FAST!<\/strong> <em>(Herramienta de soporte de Fairfax)<\/em>:<\/h2>\n<p><a style=\"color: #29ae00;\" href=\"https:\/\/rt.ffximg.com\/\">FAST! Iniciar sesi\u00f3n<\/a><\/p>\t\t\t\t\t\t\t\t<\/div>\n\t\t\t\t<\/div>\n\t\t\t\t<\/div>\n\t\t<div class=\"elementor-element elementor-element-718f659 e-con-full e-flex wpr-equal-height-no e-con e-child\" data-id=\"718f659\" data-element_type=\"container\" data-e-type=\"container\" data-settings=\"{&quot;background_background&quot;:&quot;slideshow&quot;,&quot;background_slideshow_gallery&quot;:[{&quot;id&quot;:5131,&quot;url&quot;:&quot;http:\\\/\\\/8k6.c7b.myftpupload.com\\\/wp-content\\\/uploads\\\/2024\\\/02\\\/istockphoto-938430346-2048x2048-1.jpg&quot;}],&quot;background_slideshow_loop&quot;:&quot;yes&quot;,&quot;background_slideshow_slide_duration&quot;:5000,&quot;background_slideshow_slide_transition&quot;:&quot;fade&quot;,&quot;background_slideshow_transition_duration&quot;:500}\">\n\t\t\t\t<\/div>\n\t\t\t\t<\/div>\n\t\t\t\t\t<\/div>\n\t\t\t\t<\/div>\n\t\t\t\t<\/div>\n\t\t","protected":false},"excerpt":{"rendered":"<p>SOPORTE T\u00c9CNICO Contacta hoy mismo con nuestro Equipo de Soporte para cualquier ayuda. Acceder a soporte y servicio por tel\u00e9fono, correo electr\u00f3nico o fax: Tel: 1-877-OCR-TECK(1-877-627-8325) Fax: 1-703-802-2878 Correo electr\u00f3nico: helpdesk@fairfaxsoftware.com \u00a1O puedes acceder a FAST! (Herramienta de soporte de Fairfax): FAST! Iniciar sesi\u00f3n<\/p>\n","protected":false},"author":2,"featured_media":26930,"parent":27320,"menu_order":3,"comment_status":"closed","ping_status":"closed","template":"elementor_header_footer","meta":{"ocean_post_layout":"","ocean_both_sidebars_style":"","ocean_both_sidebars_content_width":0,"ocean_both_sidebars_sidebars_width":0,"ocean_sidebar":"","ocean_second_sidebar":"","ocean_disable_margins":"on","ocean_add_body_class":"","ocean_shortcode_before_top_bar":"","ocean_shortcode_after_top_bar":"","ocean_shortcode_before_header":"","ocean_shortcode_after_header":"","ocean_has_shortcode":"","ocean_shortcode_after_title":"","ocean_shortcode_before_footer_widgets":"","ocean_shortcode_after_footer_widgets":"","ocean_shortcode_before_footer_bottom":"","ocean_shortcode_after_footer_bottom":"","ocean_display_top_bar":"default","ocean_display_header":"default","ocean_header_style":"","ocean_center_header_left_menu":"","ocean_custom_header_template":"","ocean_custom_logo":0,"ocean_custom_retina_logo":0,"ocean_custom_logo_max_width":0,"ocean_custom_logo_tablet_max_width":0,"ocean_custom_logo_mobile_max_width":0,"ocean_custom_logo_max_height":0,"ocean_custom_logo_tablet_max_height":0,"ocean_custom_logo_mobile_max_height":0,"ocean_header_custom_menu":"","ocean_menu_typo_font_family":"","ocean_menu_typo_font_subset":"","ocean_menu_typo_font_size":0,"ocean_menu_typo_font_size_tablet":0,"ocean_menu_typo_font_size_mobile":0,"ocean_menu_typo_font_size_unit":"px","ocean_menu_typo_font_weight":"","ocean_menu_typo_font_weight_tablet":"","ocean_menu_typo_font_weight_mobile":"","ocean_menu_typo_transform":"","ocean_menu_typo_transform_tablet":"","ocean_menu_typo_transform_mobile":"","ocean_menu_typo_line_height":0,"ocean_menu_typo_line_height_tablet":0,"ocean_menu_typo_line_height_mobile":0,"ocean_menu_typo_line_height_unit":"","ocean_menu_typo_spacing":0,"ocean_menu_typo_spacing_tablet":0,"ocean_menu_typo_spacing_mobile":0,"ocean_menu_typo_spacing_unit":"","ocean_menu_link_color":"","ocean_menu_link_color_hover":"","ocean_menu_link_color_active":"","ocean_menu_link_background":"","ocean_menu_link_hover_background":"","ocean_menu_link_active_background":"","ocean_menu_social_links_bg":"","ocean_menu_social_hover_links_bg":"","ocean_menu_social_links_color":"","ocean_menu_social_hover_links_color":"","ocean_disable_title":"on","ocean_disable_heading":"default","ocean_post_title":"","ocean_post_subheading":"","ocean_post_title_style":"","ocean_post_title_background_color":"","ocean_post_title_background":0,"ocean_post_title_bg_image_position":"","ocean_post_title_bg_image_attachment":"","ocean_post_title_bg_image_repeat":"","ocean_post_title_bg_image_size":"","ocean_post_title_height":0,"ocean_post_title_bg_overlay":0.5,"ocean_post_title_bg_overlay_color":"","ocean_disable_breadcrumbs":"off","ocean_breadcrumbs_color":"","ocean_breadcrumbs_separator_color":"","ocean_breadcrumbs_links_color":"","ocean_breadcrumbs_links_hover_color":"","ocean_display_footer_widgets":"default","ocean_display_footer_bottom":"default","ocean_custom_footer_template":"","footnotes":""},"class_list":["post-27123","page","type-page","status-publish","has-post-thumbnail","hentry","entry","has-media"],"yoast_head":"<!-- This site is optimized with the Yoast SEO plugin v27.3 - https:\/\/yoast.com\/product\/yoast-seo-wordpress\/ -->\n<title>Soporte t\u00e9cnico - Fairfax Software<\/title>\n<meta name=\"description\" content=\"Obt\u00e9n asistencia t\u00e9cnica confiable de Fairfax Software para todas nuestras soluciones. Nuestro equipo de expertos est\u00e1 aqu\u00ed para ayudarte con la resoluci\u00f3n de problemas, las actualizaciones del sistema y cualquier desaf\u00edo t\u00e9cnico que encuentres.\" \/>\n<meta name=\"robots\" content=\"index, follow, max-snippet:-1, max-image-preview:large, max-video-preview:-1\" \/>\n<link rel=\"canonical\" href=\"https:\/\/fairfaxsoftware.com\/es\/fairfax-software-soluciones-para-transacciones-financieras-y-procesamiento-inteligente-de-documentos\/clientes\/soporte-tecnico\/\" \/>\n<meta property=\"og:locale\" content=\"es_ES\" \/>\n<meta property=\"og:type\" content=\"article\" \/>\n<meta property=\"og:title\" content=\"Soporte t\u00e9cnico - Fairfax Software\" \/>\n<meta property=\"og:description\" content=\"Obt\u00e9n asistencia t\u00e9cnica confiable de Fairfax Software para todas nuestras soluciones. Nuestro equipo de expertos est\u00e1 aqu\u00ed para ayudarte con la resoluci\u00f3n de problemas, las actualizaciones del sistema y cualquier desaf\u00edo t\u00e9cnico que encuentres.\" \/>\n<meta property=\"og:url\" content=\"https:\/\/fairfaxsoftware.com\/es\/fairfax-software-soluciones-para-transacciones-financieras-y-procesamiento-inteligente-de-documentos\/clientes\/soporte-tecnico\/\" \/>\n<meta property=\"og:site_name\" content=\"Fairfax Software\" \/>\n<meta property=\"article:publisher\" content=\"https:\/\/www.facebook.com\/FairfaxSoftware\" \/>\n<meta property=\"article:modified_time\" content=\"2025-08-14T17:26:28+00:00\" \/>\n<meta property=\"og:image\" content=\"https:\/\/fairfaxsoftware.com\/wp-content\/uploads\/2024\/06\/cropped-fairfaxsoftware-site-icon.png\" \/>\n\t<meta property=\"og:image:width\" content=\"512\" \/>\n\t<meta property=\"og:image:height\" content=\"512\" \/>\n\t<meta property=\"og:image:type\" content=\"image\/png\" \/>\n<meta name=\"twitter:card\" content=\"summary_large_image\" \/>\n<meta name=\"twitter:site\" content=\"@FairfaxSoftware\" \/>\n<meta name=\"twitter:label1\" content=\"Tiempo de lectura\" \/>\n\t<meta name=\"twitter:data1\" content=\"1 minuto\" \/>\n<script type=\"application\/ld+json\" class=\"yoast-schema-graph\">{\"@context\":\"https:\\\/\\\/schema.org\",\"@graph\":[{\"@type\":\"WebPage\",\"@id\":\"https:\\\/\\\/fairfaxsoftware.com\\\/es\\\/fairfax-software-soluciones-para-transacciones-financieras-y-procesamiento-inteligente-de-documentos\\\/clientes\\\/soporte-tecnico\\\/\",\"url\":\"https:\\\/\\\/fairfaxsoftware.com\\\/es\\\/fairfax-software-soluciones-para-transacciones-financieras-y-procesamiento-inteligente-de-documentos\\\/clientes\\\/soporte-tecnico\\\/\",\"name\":\"Soporte t\u00e9cnico - Fairfax Software\",\"isPartOf\":{\"@id\":\"https:\\\/\\\/s1t.525.mytemp.website\\\/#website\"},\"primaryImageOfPage\":{\"@id\":\"https:\\\/\\\/fairfaxsoftware.com\\\/es\\\/fairfax-software-soluciones-para-transacciones-financieras-y-procesamiento-inteligente-de-documentos\\\/clientes\\\/soporte-tecnico\\\/#primaryimage\"},\"image\":{\"@id\":\"https:\\\/\\\/fairfaxsoftware.com\\\/es\\\/fairfax-software-soluciones-para-transacciones-financieras-y-procesamiento-inteligente-de-documentos\\\/clientes\\\/soporte-tecnico\\\/#primaryimage\"},\"thumbnailUrl\":\"https:\\\/\\\/fairfaxsoftware.com\\\/wp-content\\\/uploads\\\/2024\\\/06\\\/cropped-fairfaxsoftware-site-icon.png\",\"datePublished\":\"2024-01-25T22:22:47+00:00\",\"dateModified\":\"2025-08-14T17:26:28+00:00\",\"description\":\"Obt\u00e9n asistencia t\u00e9cnica confiable de Fairfax Software para todas nuestras soluciones. Nuestro equipo de expertos est\u00e1 aqu\u00ed para ayudarte con la resoluci\u00f3n de problemas, las actualizaciones del sistema y cualquier desaf\u00edo t\u00e9cnico que encuentres.\",\"breadcrumb\":{\"@id\":\"https:\\\/\\\/fairfaxsoftware.com\\\/es\\\/fairfax-software-soluciones-para-transacciones-financieras-y-procesamiento-inteligente-de-documentos\\\/clientes\\\/soporte-tecnico\\\/#breadcrumb\"},\"inLanguage\":\"es\",\"potentialAction\":[{\"@type\":\"ReadAction\",\"target\":[\"https:\\\/\\\/fairfaxsoftware.com\\\/es\\\/fairfax-software-soluciones-para-transacciones-financieras-y-procesamiento-inteligente-de-documentos\\\/clientes\\\/soporte-tecnico\\\/\"]}]},{\"@type\":\"ImageObject\",\"inLanguage\":\"es\",\"@id\":\"https:\\\/\\\/fairfaxsoftware.com\\\/es\\\/fairfax-software-soluciones-para-transacciones-financieras-y-procesamiento-inteligente-de-documentos\\\/clientes\\\/soporte-tecnico\\\/#primaryimage\",\"url\":\"https:\\\/\\\/fairfaxsoftware.com\\\/wp-content\\\/uploads\\\/2024\\\/06\\\/cropped-fairfaxsoftware-site-icon.png\",\"contentUrl\":\"https:\\\/\\\/fairfaxsoftware.com\\\/wp-content\\\/uploads\\\/2024\\\/06\\\/cropped-fairfaxsoftware-site-icon.png\",\"width\":512,\"height\":512,\"caption\":\"Fairfax Software Site Icon\"},{\"@type\":\"BreadcrumbList\",\"@id\":\"https:\\\/\\\/fairfaxsoftware.com\\\/es\\\/fairfax-software-soluciones-para-transacciones-financieras-y-procesamiento-inteligente-de-documentos\\\/clientes\\\/soporte-tecnico\\\/#breadcrumb\",\"itemListElement\":[{\"@type\":\"ListItem\",\"position\":1,\"name\":\"Home\",\"item\":\"https:\\\/\\\/fairfaxsoftware.com\\\/es\\\/\"},{\"@type\":\"ListItem\",\"position\":2,\"name\":\"Fairfax Software: Soluciones para transacciones financieras y procesamiento inteligente de documentos\",\"item\":\"https:\\\/\\\/fairfaxsoftware.com\\\/es\\\/\"},{\"@type\":\"ListItem\",\"position\":3,\"name\":\"Clientes\",\"item\":\"https:\\\/\\\/fairfaxsoftware.com\\\/es\\\/fairfax-software-soluciones-para-transacciones-financieras-y-procesamiento-inteligente-de-documentos\\\/clientes\\\/\"},{\"@type\":\"ListItem\",\"position\":4,\"name\":\"Soporte t\u00e9cnico\"}]},{\"@type\":\"WebSite\",\"@id\":\"https:\\\/\\\/s1t.525.mytemp.website\\\/#website\",\"url\":\"https:\\\/\\\/s1t.525.mytemp.website\\\/\",\"name\":\"Fairfax Software\",\"description\":\"A Leading Provider of Financial Transaction Processing &amp; Intelligent Document Processing Solutions\",\"publisher\":{\"@id\":\"https:\\\/\\\/s1t.525.mytemp.website\\\/#organization\"},\"potentialAction\":[{\"@type\":\"SearchAction\",\"target\":{\"@type\":\"EntryPoint\",\"urlTemplate\":\"https:\\\/\\\/s1t.525.mytemp.website\\\/?s={search_term_string}\"},\"query-input\":{\"@type\":\"PropertyValueSpecification\",\"valueRequired\":true,\"valueName\":\"search_term_string\"}}],\"inLanguage\":\"es\"},{\"@type\":\"Organization\",\"@id\":\"https:\\\/\\\/s1t.525.mytemp.website\\\/#organization\",\"name\":\"Fairfax Software\",\"url\":\"https:\\\/\\\/s1t.525.mytemp.website\\\/\",\"logo\":{\"@type\":\"ImageObject\",\"inLanguage\":\"es\",\"@id\":\"https:\\\/\\\/s1t.525.mytemp.website\\\/#\\\/schema\\\/logo\\\/image\\\/\",\"url\":\"https:\\\/\\\/s1t.525.mytemp.website\\\/wp-content\\\/uploads\\\/2024\\\/06\\\/cropped-fairfaxsoftware-site-icon.png\",\"contentUrl\":\"https:\\\/\\\/s1t.525.mytemp.website\\\/wp-content\\\/uploads\\\/2024\\\/06\\\/cropped-fairfaxsoftware-site-icon.png\",\"width\":512,\"height\":512,\"caption\":\"Fairfax Software\"},\"image\":{\"@id\":\"https:\\\/\\\/s1t.525.mytemp.website\\\/#\\\/schema\\\/logo\\\/image\\\/\"},\"sameAs\":[\"https:\\\/\\\/www.facebook.com\\\/FairfaxSoftware\",\"https:\\\/\\\/x.com\\\/FairfaxSoftware\",\"https:\\\/\\\/www.linkedin.com\\\/company\\\/4717647\",\"https:\\\/\\\/www.instagram.com\\\/fairfaxsoftware\\\/\"]}]}<\/script>\n<!-- \/ Yoast SEO plugin. -->","yoast_head_json":{"title":"Soporte t\u00e9cnico - Fairfax Software","description":"Obt\u00e9n asistencia t\u00e9cnica confiable de Fairfax Software para todas nuestras soluciones. Nuestro equipo de expertos est\u00e1 aqu\u00ed para ayudarte con la resoluci\u00f3n de problemas, las actualizaciones del sistema y cualquier desaf\u00edo t\u00e9cnico que encuentres.","robots":{"index":"index","follow":"follow","max-snippet":"max-snippet:-1","max-image-preview":"max-image-preview:large","max-video-preview":"max-video-preview:-1"},"canonical":"https:\/\/fairfaxsoftware.com\/es\/fairfax-software-soluciones-para-transacciones-financieras-y-procesamiento-inteligente-de-documentos\/clientes\/soporte-tecnico\/","og_locale":"es_ES","og_type":"article","og_title":"Soporte t\u00e9cnico - Fairfax Software","og_description":"Obt\u00e9n asistencia t\u00e9cnica confiable de Fairfax Software para todas nuestras soluciones. Nuestro equipo de expertos est\u00e1 aqu\u00ed para ayudarte con la resoluci\u00f3n de problemas, las actualizaciones del sistema y cualquier desaf\u00edo t\u00e9cnico que encuentres.","og_url":"https:\/\/fairfaxsoftware.com\/es\/fairfax-software-soluciones-para-transacciones-financieras-y-procesamiento-inteligente-de-documentos\/clientes\/soporte-tecnico\/","og_site_name":"Fairfax Software","article_publisher":"https:\/\/www.facebook.com\/FairfaxSoftware","article_modified_time":"2025-08-14T17:26:28+00:00","og_image":[{"width":512,"height":512,"url":"https:\/\/fairfaxsoftware.com\/wp-content\/uploads\/2024\/06\/cropped-fairfaxsoftware-site-icon.png","type":"image\/png"}],"twitter_card":"summary_large_image","twitter_site":"@FairfaxSoftware","twitter_misc":{"Tiempo de lectura":"1 minuto"},"schema":{"@context":"https:\/\/schema.org","@graph":[{"@type":"WebPage","@id":"https:\/\/fairfaxsoftware.com\/es\/fairfax-software-soluciones-para-transacciones-financieras-y-procesamiento-inteligente-de-documentos\/clientes\/soporte-tecnico\/","url":"https:\/\/fairfaxsoftware.com\/es\/fairfax-software-soluciones-para-transacciones-financieras-y-procesamiento-inteligente-de-documentos\/clientes\/soporte-tecnico\/","name":"Soporte t\u00e9cnico - Fairfax Software","isPartOf":{"@id":"https:\/\/s1t.525.mytemp.website\/#website"},"primaryImageOfPage":{"@id":"https:\/\/fairfaxsoftware.com\/es\/fairfax-software-soluciones-para-transacciones-financieras-y-procesamiento-inteligente-de-documentos\/clientes\/soporte-tecnico\/#primaryimage"},"image":{"@id":"https:\/\/fairfaxsoftware.com\/es\/fairfax-software-soluciones-para-transacciones-financieras-y-procesamiento-inteligente-de-documentos\/clientes\/soporte-tecnico\/#primaryimage"},"thumbnailUrl":"https:\/\/fairfaxsoftware.com\/wp-content\/uploads\/2024\/06\/cropped-fairfaxsoftware-site-icon.png","datePublished":"2024-01-25T22:22:47+00:00","dateModified":"2025-08-14T17:26:28+00:00","description":"Obt\u00e9n asistencia t\u00e9cnica confiable de Fairfax Software para todas nuestras soluciones. Nuestro equipo de expertos est\u00e1 aqu\u00ed para ayudarte con la resoluci\u00f3n de problemas, las actualizaciones del sistema y cualquier desaf\u00edo t\u00e9cnico que encuentres.","breadcrumb":{"@id":"https:\/\/fairfaxsoftware.com\/es\/fairfax-software-soluciones-para-transacciones-financieras-y-procesamiento-inteligente-de-documentos\/clientes\/soporte-tecnico\/#breadcrumb"},"inLanguage":"es","potentialAction":[{"@type":"ReadAction","target":["https:\/\/fairfaxsoftware.com\/es\/fairfax-software-soluciones-para-transacciones-financieras-y-procesamiento-inteligente-de-documentos\/clientes\/soporte-tecnico\/"]}]},{"@type":"ImageObject","inLanguage":"es","@id":"https:\/\/fairfaxsoftware.com\/es\/fairfax-software-soluciones-para-transacciones-financieras-y-procesamiento-inteligente-de-documentos\/clientes\/soporte-tecnico\/#primaryimage","url":"https:\/\/fairfaxsoftware.com\/wp-content\/uploads\/2024\/06\/cropped-fairfaxsoftware-site-icon.png","contentUrl":"https:\/\/fairfaxsoftware.com\/wp-content\/uploads\/2024\/06\/cropped-fairfaxsoftware-site-icon.png","width":512,"height":512,"caption":"Fairfax Software Site Icon"},{"@type":"BreadcrumbList","@id":"https:\/\/fairfaxsoftware.com\/es\/fairfax-software-soluciones-para-transacciones-financieras-y-procesamiento-inteligente-de-documentos\/clientes\/soporte-tecnico\/#breadcrumb","itemListElement":[{"@type":"ListItem","position":1,"name":"Home","item":"https:\/\/fairfaxsoftware.com\/es\/"},{"@type":"ListItem","position":2,"name":"Fairfax Software: Soluciones para transacciones financieras y procesamiento inteligente de documentos","item":"https:\/\/fairfaxsoftware.com\/es\/"},{"@type":"ListItem","position":3,"name":"Clientes","item":"https:\/\/fairfaxsoftware.com\/es\/fairfax-software-soluciones-para-transacciones-financieras-y-procesamiento-inteligente-de-documentos\/clientes\/"},{"@type":"ListItem","position":4,"name":"Soporte t\u00e9cnico"}]},{"@type":"WebSite","@id":"https:\/\/s1t.525.mytemp.website\/#website","url":"https:\/\/s1t.525.mytemp.website\/","name":"Fairfax Software","description":"A Leading Provider of Financial Transaction Processing &amp; Intelligent Document Processing Solutions","publisher":{"@id":"https:\/\/s1t.525.mytemp.website\/#organization"},"potentialAction":[{"@type":"SearchAction","target":{"@type":"EntryPoint","urlTemplate":"https:\/\/s1t.525.mytemp.website\/?s={search_term_string}"},"query-input":{"@type":"PropertyValueSpecification","valueRequired":true,"valueName":"search_term_string"}}],"inLanguage":"es"},{"@type":"Organization","@id":"https:\/\/s1t.525.mytemp.website\/#organization","name":"Fairfax Software","url":"https:\/\/s1t.525.mytemp.website\/","logo":{"@type":"ImageObject","inLanguage":"es","@id":"https:\/\/s1t.525.mytemp.website\/#\/schema\/logo\/image\/","url":"https:\/\/s1t.525.mytemp.website\/wp-content\/uploads\/2024\/06\/cropped-fairfaxsoftware-site-icon.png","contentUrl":"https:\/\/s1t.525.mytemp.website\/wp-content\/uploads\/2024\/06\/cropped-fairfaxsoftware-site-icon.png","width":512,"height":512,"caption":"Fairfax Software"},"image":{"@id":"https:\/\/s1t.525.mytemp.website\/#\/schema\/logo\/image\/"},"sameAs":["https:\/\/www.facebook.com\/FairfaxSoftware","https:\/\/x.com\/FairfaxSoftware","https:\/\/www.linkedin.com\/company\/4717647","https:\/\/www.instagram.com\/fairfaxsoftware\/"]}]}},"rttpg_featured_image_url":{"full":["https:\/\/fairfaxsoftware.com\/wp-content\/uploads\/2024\/06\/cropped-fairfaxsoftware-site-icon.png",512,512,false],"landscape":["https:\/\/fairfaxsoftware.com\/wp-content\/uploads\/2024\/06\/cropped-fairfaxsoftware-site-icon.png",512,512,false],"portraits":["https:\/\/fairfaxsoftware.com\/wp-content\/uploads\/2024\/06\/cropped-fairfaxsoftware-site-icon.png",512,512,false],"thumbnail":["https:\/\/fairfaxsoftware.com\/wp-content\/uploads\/2024\/06\/cropped-fairfaxsoftware-site-icon-150x150.png",150,150,true],"medium":["https:\/\/fairfaxsoftware.com\/wp-content\/uploads\/2024\/06\/cropped-fairfaxsoftware-site-icon-300x300.png",300,300,true],"large":["https:\/\/fairfaxsoftware.com\/wp-content\/uploads\/2024\/06\/cropped-fairfaxsoftware-site-icon.png",512,512,false],"1536x1536":["https:\/\/fairfaxsoftware.com\/wp-content\/uploads\/2024\/06\/cropped-fairfaxsoftware-site-icon.png",512,512,false],"2048x2048":["https:\/\/fairfaxsoftware.com\/wp-content\/uploads\/2024\/06\/cropped-fairfaxsoftware-site-icon.png",512,512,false],"ocean-thumb-m":["https:\/\/fairfaxsoftware.com\/wp-content\/uploads\/2024\/06\/cropped-fairfaxsoftware-site-icon.png",512,512,false],"ocean-thumb-ml":["https:\/\/fairfaxsoftware.com\/wp-content\/uploads\/2024\/06\/cropped-fairfaxsoftware-site-icon-512x450.png",512,450,true],"ocean-thumb-l":["https:\/\/fairfaxsoftware.com\/wp-content\/uploads\/2024\/06\/cropped-fairfaxsoftware-site-icon.png",512,512,false]},"rttpg_author":{"display_name":"Benjamin Jackson","author_link":"https:\/\/fairfaxsoftware.com\/es\/author\/ben-jackson\/"},"rttpg_comment":0,"rttpg_category":" <a href=\"https:\/\/fairfaxsoftware.com\/es\/?taxonomy=translation_priority&#038;term=opcional-es\" rel=\"tag\">Opcional<\/a>","rttpg_excerpt":"SOPORTE T\u00c9CNICO Contacta hoy mismo con nuestro Equipo de Soporte para cualquier ayuda. Acceder a soporte y servicio por tel\u00e9fono, correo electr\u00f3nico o fax: Tel: 1-877-OCR-TECK(1-877-627-8325) Fax: 1-703-802-2878 Correo electr\u00f3nico: helpdesk@fairfaxsoftware.com \u00a1O puedes acceder a FAST! (Herramienta de soporte de Fairfax): FAST! Iniciar sesi\u00f3n","_links":{"self":[{"href":"https:\/\/fairfaxsoftware.com\/es\/wp-json\/wp\/v2\/pages\/27123","targetHints":{"allow":["GET"]}}],"collection":[{"href":"https:\/\/fairfaxsoftware.com\/es\/wp-json\/wp\/v2\/pages"}],"about":[{"href":"https:\/\/fairfaxsoftware.com\/es\/wp-json\/wp\/v2\/types\/page"}],"author":[{"embeddable":true,"href":"https:\/\/fairfaxsoftware.com\/es\/wp-json\/wp\/v2\/users\/2"}],"replies":[{"embeddable":true,"href":"https:\/\/fairfaxsoftware.com\/es\/wp-json\/wp\/v2\/comments?post=27123"}],"version-history":[{"count":4,"href":"https:\/\/fairfaxsoftware.com\/es\/wp-json\/wp\/v2\/pages\/27123\/revisions"}],"predecessor-version":[{"id":27546,"href":"https:\/\/fairfaxsoftware.com\/es\/wp-json\/wp\/v2\/pages\/27123\/revisions\/27546"}],"up":[{"embeddable":true,"href":"https:\/\/fairfaxsoftware.com\/es\/wp-json\/wp\/v2\/pages\/27320"}],"wp:featuredmedia":[{"embeddable":true,"href":"https:\/\/fairfaxsoftware.com\/es\/wp-json\/wp\/v2\/media\/26930"}],"wp:attachment":[{"href":"https:\/\/fairfaxsoftware.com\/es\/wp-json\/wp\/v2\/media?parent=27123"}],"curies":[{"name":"wp","href":"https:\/\/api.w.org\/{rel}","templated":true}]}}