{"id":27174,"date":"2024-01-25T20:54:56","date_gmt":"2024-01-25T20:54:56","guid":{"rendered":"https:\/\/s1t.525.mytemp.website\/casos-de-exito\/"},"modified":"2025-06-10T22:16:07","modified_gmt":"2025-06-10T22:16:07","slug":"casos-de-exito","status":"publish","type":"page","link":"https:\/\/fairfaxsoftware.com\/es\/fairfax-software-soluciones-para-transacciones-financieras-y-procesamiento-inteligente-de-documentos\/recursos\/casos-de-exito\/","title":{"rendered":"Casos de \u00e9xito"},"content":{"rendered":"\t\t<div data-elementor-type=\"wp-page\" data-elementor-id=\"27174\" class=\"elementor elementor-27174 elementor-2609\">\n\t\t\t\t<div class=\"elementor-element elementor-element-7c1cf743 e-con-full e-flex wpr-equal-height-no elementor-invisible e-con e-parent\" data-id=\"7c1cf743\" data-element_type=\"container\" data-e-type=\"container\" data-settings=\"{&quot;background_background&quot;:&quot;slideshow&quot;,&quot;background_slideshow_gallery&quot;:[{&quot;id&quot;:20903,&quot;url&quot;:&quot;http:\\\/\\\/8k6.c7b.myftpupload.com\\\/wp-content\\\/uploads\\\/2024\\\/06\\\/Fairfax-Software-Case-Studies1.jpg&quot;}],&quot;background_slideshow_transition_duration&quot;:800,&quot;animation&quot;:&quot;fadeIn&quot;,&quot;background_slideshow_loop&quot;:&quot;yes&quot;,&quot;background_slideshow_slide_duration&quot;:5000,&quot;background_slideshow_slide_transition&quot;:&quot;fade&quot;}\">\n\t\t<div class=\"elementor-element elementor-element-11a7f3b8 e-con-full animated-slow e-flex wpr-equal-height-no elementor-invisible e-con e-child\" data-id=\"11a7f3b8\" data-element_type=\"container\" data-e-type=\"container\" data-settings=\"{&quot;background_background&quot;:&quot;classic&quot;,&quot;animation&quot;:&quot;fadeInLeft&quot;,&quot;animation_delay&quot;:1000}\">\n\t\t\t\t<div class=\"elementor-element elementor-element-29b13122 elementor-widget elementor-widget-heading\" data-id=\"29b13122\" data-element_type=\"widget\" data-e-type=\"widget\" data-widget_type=\"heading.default\">\n\t\t\t\t<div class=\"elementor-widget-container\">\n\t\t\t\t\t<h2 class=\"elementor-heading-title elementor-size-default\">CASOS DE \u00c9XITO<\/h2>\t\t\t\t<\/div>\n\t\t\t\t<\/div>\n\t\t\t\t<div class=\"elementor-element elementor-element-6b40939a elementor-widget elementor-widget-heading\" data-id=\"6b40939a\" data-element_type=\"widget\" data-e-type=\"widget\" data-widget_type=\"heading.default\">\n\t\t\t\t<div class=\"elementor-widget-container\">\n\t\t\t\t\t<h2 class=\"elementor-heading-title elementor-size-default\">Resultados reales, impacto real: <br>Explora nuestros casos de \u00e9xito para ver c\u00f3mo hemos transformado empresas.<\/h2>\t\t\t\t<\/div>\n\t\t\t\t<\/div>\n\t\t\t\t<\/div>\n\t\t\t\t<\/div>\n\t\t<div class=\"elementor-element elementor-element-a8af2a7 e-flex e-con-boxed wpr-equal-height-no e-con e-parent\" data-id=\"a8af2a7\" data-element_type=\"container\" data-e-type=\"container\">\n\t\t\t\t\t<div class=\"e-con-inner\">\n\t\t\t\t<div class=\"elementor-element elementor-element-e16a6ec title_hover_border_enable title-alignment-center section-title-style-default tpg-wrapper-align-center section-title-align-left tpg-border-bottom-enable meta-visibility-show title_position_default title-default meta_position_default tpg-category-position-default tpg-el-box-border-enable elementor-widget elementor-widget-tpg-grid-layout\" data-id=\"e16a6ec\" data-element_type=\"widget\" data-e-type=\"widget\" data-widget_type=\"tpg-grid-layout.default\">\n\t\t\t\t<div class=\"elementor-widget-container\">\n\t\t\t\t\t\t\t<div class=\"rt-container-fluid rt-tpg-container tpg-el-main-wrapper clearfix grid-layout3-main \"\n\t\t\t id=\"rt-tpg-container-2167776543\"\n\t\t\t data-layout=\"grid-layout3\"\n\t\t\t data-grid-style=\"tpg-full-height\"\n\t\t\t data-sc-id=\"elementor\"\n\t\t\t data-el-settings=''\n\t\t\t data-el-query=''\n\t\t\t data-el-path=''\n\t\t>\n\t\t\t\t\t\t\t<div id=\"bottom-script-loader\" class=\"bottom-script-loader\">\n\t\t\t\t\t<div class=\"rt-ball-clip-rotate\">\n\t\t\t\t\t\t<div><\/div>\n\t\t\t\t\t<\/div>\n\t\t\t\t<\/div>\n\t\t\t\t\t\t\t<div class='tpg-header-wrapper '>\n\t\t\t\t\n        <div class=\"tpg-widget-heading-wrapper rt-clear heading-default \">\n            <span class=\"tpg-widget-heading-line line-left\"><\/span>\n\t\t\t<h1 class='tpg-widget-heading'>\n\t\t\t\n\t\t\t\t                    <span>\n\t\t\t\t\t\tCASE STUDIES\t\t\t\t\t<\/span>\n\t\t\t\t\t\n\t\t\t\t\t\t\t<\/h1>            <span class=\"tpg-widget-heading-line line-right\"><\/span>\n\n\t\t\t\n        <\/div>\n\n\t\t\n\t\t\t\t\t<\/div>\n\n\t\t\t<div data-title=\"Loading ...\" class=\"rt-row rt-content-loader grid-layout3 grid-behaviour tpg-full-height grid_layout_wrapper\">\n\t\t\t\t<div class='no_posts_found_text rt-col-xs-12'>No posts found.<\/div>\t\t\t<\/div>\n\t\t\t\n\t\t<\/div>\n\t\t\t\t\t\t<\/div>\n\t\t\t\t<\/div>\n\t\t\t\t\t<\/div>\n\t\t\t\t<\/div>\n\t\t\t\t<\/div>\n\t\t","protected":false},"excerpt":{"rendered":"<p>CASOS DE \u00c9XITO Resultados reales, impacto real: Explora nuestros casos de \u00e9xito para ver c\u00f3mo hemos transformado empresas. CASE STUDIES Kansas DOR Case Study November 5, 2024 Case Studies Kern County Treasurer and Tax Collector September 18, 2020 Case Studies Case Study: City of Virginia Beach March 14, 2012 Case Studies Case Study: Colorado Division of Motor Vehicles February 15, 2012 Case Studies Case Study: Georgia Department of Revenue February 15, 2012 Case Studies Case Study: Food For The Poor February 14, 2012 Case Studies Case Study: Humana January 17, 2012 Case Studies<\/p>\n","protected":false},"author":2,"featured_media":0,"parent":27177,"menu_order":1,"comment_status":"closed","ping_status":"closed","template":"elementor_header_footer","meta":{"ocean_post_layout":"","ocean_both_sidebars_style":"","ocean_both_sidebars_content_width":0,"ocean_both_sidebars_sidebars_width":0,"ocean_sidebar":"","ocean_second_sidebar":"","ocean_disable_margins":"on","ocean_add_body_class":"","ocean_shortcode_before_top_bar":"","ocean_shortcode_after_top_bar":"","ocean_shortcode_before_header":"","ocean_shortcode_after_header":"","ocean_has_shortcode":"","ocean_shortcode_after_title":"","ocean_shortcode_before_footer_widgets":"","ocean_shortcode_after_footer_widgets":"","ocean_shortcode_before_footer_bottom":"","ocean_shortcode_after_footer_bottom":"","ocean_display_top_bar":"default","ocean_display_header":"default","ocean_header_style":"","ocean_center_header_left_menu":"","ocean_custom_header_template":"","ocean_custom_logo":0,"ocean_custom_retina_logo":0,"ocean_custom_logo_max_width":0,"ocean_custom_logo_tablet_max_width":0,"ocean_custom_logo_mobile_max_width":0,"ocean_custom_logo_max_height":0,"ocean_custom_logo_tablet_max_height":0,"ocean_custom_logo_mobile_max_height":0,"ocean_header_custom_menu":"","ocean_menu_typo_font_family":"","ocean_menu_typo_font_subset":"","ocean_menu_typo_font_size":0,"ocean_menu_typo_font_size_tablet":0,"ocean_menu_typo_font_size_mobile":0,"ocean_menu_typo_font_size_unit":"px","ocean_menu_typo_font_weight":"","ocean_menu_typo_font_weight_tablet":"","ocean_menu_typo_font_weight_mobile":"","ocean_menu_typo_transform":"","ocean_menu_typo_transform_tablet":"","ocean_menu_typo_transform_mobile":"","ocean_menu_typo_line_height":0,"ocean_menu_typo_line_height_tablet":0,"ocean_menu_typo_line_height_mobile":0,"ocean_menu_typo_line_height_unit":"","ocean_menu_typo_spacing":0,"ocean_menu_typo_spacing_tablet":0,"ocean_menu_typo_spacing_mobile":0,"ocean_menu_typo_spacing_unit":"","ocean_menu_link_color":"","ocean_menu_link_color_hover":"","ocean_menu_link_color_active":"","ocean_menu_link_background":"","ocean_menu_link_hover_background":"","ocean_menu_link_active_background":"","ocean_menu_social_links_bg":"","ocean_menu_social_hover_links_bg":"","ocean_menu_social_links_color":"","ocean_menu_social_hover_links_color":"","ocean_disable_title":"on","ocean_disable_heading":"default","ocean_post_title":"","ocean_post_subheading":"","ocean_post_title_style":"","ocean_post_title_background_color":"","ocean_post_title_background":0,"ocean_post_title_bg_image_position":"","ocean_post_title_bg_image_attachment":"","ocean_post_title_bg_image_repeat":"","ocean_post_title_bg_image_size":"","ocean_post_title_height":0,"ocean_post_title_bg_overlay":0.5,"ocean_post_title_bg_overlay_color":"","ocean_disable_breadcrumbs":"off","ocean_breadcrumbs_color":"","ocean_breadcrumbs_separator_color":"","ocean_breadcrumbs_links_color":"","ocean_breadcrumbs_links_hover_color":"","ocean_display_footer_widgets":"default","ocean_display_footer_bottom":"default","ocean_custom_footer_template":"","footnotes":""},"class_list":["post-27174","page","type-page","status-publish","hentry","entry"],"yoast_head":"<!-- This site is optimized with the Yoast SEO plugin v27.3 - https:\/\/yoast.com\/product\/yoast-seo-wordpress\/ -->\n<title>Casos de \u00e9xito - Fairfax Software<\/title>\n<meta name=\"description\" content=\"Explora las historias de \u00e9xito de Fairfax Software. Descubre c\u00f3mo nuestras soluciones de procesamiento de transacciones financieras y automatizaci\u00f3n inteligente de gesti\u00f3n de documentos han transformado empresas y organismos p\u00fablicos.\" \/>\n<meta name=\"robots\" content=\"index, follow, max-snippet:-1, max-image-preview:large, max-video-preview:-1\" \/>\n<link rel=\"canonical\" href=\"https:\/\/fairfaxsoftware.com\/es\/fairfax-software-soluciones-para-transacciones-financieras-y-procesamiento-inteligente-de-documentos\/recursos\/casos-de-exito\/\" \/>\n<meta property=\"og:locale\" content=\"es_ES\" \/>\n<meta property=\"og:type\" content=\"article\" \/>\n<meta property=\"og:title\" content=\"Casos de \u00e9xito - Fairfax Software\" \/>\n<meta property=\"og:description\" content=\"Explora las historias de \u00e9xito de Fairfax Software. Descubre c\u00f3mo nuestras soluciones de procesamiento de transacciones financieras y automatizaci\u00f3n inteligente de gesti\u00f3n de documentos han transformado empresas y organismos p\u00fablicos.\" \/>\n<meta property=\"og:url\" content=\"https:\/\/fairfaxsoftware.com\/es\/fairfax-software-soluciones-para-transacciones-financieras-y-procesamiento-inteligente-de-documentos\/recursos\/casos-de-exito\/\" \/>\n<meta property=\"og:site_name\" content=\"Fairfax Software\" \/>\n<meta property=\"article:publisher\" content=\"https:\/\/www.facebook.com\/FairfaxSoftware\" \/>\n<meta property=\"article:modified_time\" content=\"2025-06-10T22:16:07+00:00\" \/>\n<meta name=\"twitter:card\" content=\"summary_large_image\" \/>\n<meta name=\"twitter:site\" content=\"@FairfaxSoftware\" \/>\n<script type=\"application\/ld+json\" class=\"yoast-schema-graph\">{\"@context\":\"https:\\\/\\\/schema.org\",\"@graph\":[{\"@type\":\"WebPage\",\"@id\":\"https:\\\/\\\/fairfaxsoftware.com\\\/es\\\/fairfax-software-soluciones-para-transacciones-financieras-y-procesamiento-inteligente-de-documentos\\\/recursos\\\/casos-de-exito\\\/\",\"url\":\"https:\\\/\\\/fairfaxsoftware.com\\\/es\\\/fairfax-software-soluciones-para-transacciones-financieras-y-procesamiento-inteligente-de-documentos\\\/recursos\\\/casos-de-exito\\\/\",\"name\":\"Casos de \u00e9xito - Fairfax Software\",\"isPartOf\":{\"@id\":\"https:\\\/\\\/s1t.525.mytemp.website\\\/#website\"},\"datePublished\":\"2024-01-25T20:54:56+00:00\",\"dateModified\":\"2025-06-10T22:16:07+00:00\",\"description\":\"Explora las historias de \u00e9xito de Fairfax Software. Descubre c\u00f3mo nuestras soluciones de procesamiento de transacciones financieras y automatizaci\u00f3n inteligente de gesti\u00f3n de documentos han transformado empresas y organismos p\u00fablicos.\",\"breadcrumb\":{\"@id\":\"https:\\\/\\\/fairfaxsoftware.com\\\/es\\\/fairfax-software-soluciones-para-transacciones-financieras-y-procesamiento-inteligente-de-documentos\\\/recursos\\\/casos-de-exito\\\/#breadcrumb\"},\"inLanguage\":\"es\",\"potentialAction\":[{\"@type\":\"ReadAction\",\"target\":[\"https:\\\/\\\/fairfaxsoftware.com\\\/es\\\/fairfax-software-soluciones-para-transacciones-financieras-y-procesamiento-inteligente-de-documentos\\\/recursos\\\/casos-de-exito\\\/\"]}]},{\"@type\":\"BreadcrumbList\",\"@id\":\"https:\\\/\\\/fairfaxsoftware.com\\\/es\\\/fairfax-software-soluciones-para-transacciones-financieras-y-procesamiento-inteligente-de-documentos\\\/recursos\\\/casos-de-exito\\\/#breadcrumb\",\"itemListElement\":[{\"@type\":\"ListItem\",\"position\":1,\"name\":\"Home\",\"item\":\"https:\\\/\\\/fairfaxsoftware.com\\\/es\\\/\"},{\"@type\":\"ListItem\",\"position\":2,\"name\":\"Fairfax Software: Soluciones para transacciones financieras y procesamiento inteligente de documentos\",\"item\":\"https:\\\/\\\/fairfaxsoftware.com\\\/es\\\/\"},{\"@type\":\"ListItem\",\"position\":3,\"name\":\"Recursos\",\"item\":\"https:\\\/\\\/fairfaxsoftware.com\\\/es\\\/fairfax-software-soluciones-para-transacciones-financieras-y-procesamiento-inteligente-de-documentos\\\/recursos\\\/\"},{\"@type\":\"ListItem\",\"position\":4,\"name\":\"Casos de \u00e9xito\"}]},{\"@type\":\"WebSite\",\"@id\":\"https:\\\/\\\/s1t.525.mytemp.website\\\/#website\",\"url\":\"https:\\\/\\\/s1t.525.mytemp.website\\\/\",\"name\":\"Fairfax Software\",\"description\":\"A Leading Provider of Financial Transaction Processing &amp; Intelligent Document Processing Solutions\",\"publisher\":{\"@id\":\"https:\\\/\\\/s1t.525.mytemp.website\\\/#organization\"},\"potentialAction\":[{\"@type\":\"SearchAction\",\"target\":{\"@type\":\"EntryPoint\",\"urlTemplate\":\"https:\\\/\\\/s1t.525.mytemp.website\\\/?s={search_term_string}\"},\"query-input\":{\"@type\":\"PropertyValueSpecification\",\"valueRequired\":true,\"valueName\":\"search_term_string\"}}],\"inLanguage\":\"es\"},{\"@type\":\"Organization\",\"@id\":\"https:\\\/\\\/s1t.525.mytemp.website\\\/#organization\",\"name\":\"Fairfax Software\",\"url\":\"https:\\\/\\\/s1t.525.mytemp.website\\\/\",\"logo\":{\"@type\":\"ImageObject\",\"inLanguage\":\"es\",\"@id\":\"https:\\\/\\\/s1t.525.mytemp.website\\\/#\\\/schema\\\/logo\\\/image\\\/\",\"url\":\"https:\\\/\\\/s1t.525.mytemp.website\\\/wp-content\\\/uploads\\\/2024\\\/06\\\/cropped-fairfaxsoftware-site-icon.png\",\"contentUrl\":\"https:\\\/\\\/s1t.525.mytemp.website\\\/wp-content\\\/uploads\\\/2024\\\/06\\\/cropped-fairfaxsoftware-site-icon.png\",\"width\":512,\"height\":512,\"caption\":\"Fairfax Software\"},\"image\":{\"@id\":\"https:\\\/\\\/s1t.525.mytemp.website\\\/#\\\/schema\\\/logo\\\/image\\\/\"},\"sameAs\":[\"https:\\\/\\\/www.facebook.com\\\/FairfaxSoftware\",\"https:\\\/\\\/x.com\\\/FairfaxSoftware\",\"https:\\\/\\\/www.linkedin.com\\\/company\\\/4717647\",\"https:\\\/\\\/www.instagram.com\\\/fairfaxsoftware\\\/\"]}]}<\/script>\n<!-- \/ Yoast SEO plugin. -->","yoast_head_json":{"title":"Casos de \u00e9xito - Fairfax Software","description":"Explora las historias de \u00e9xito de Fairfax Software. Descubre c\u00f3mo nuestras soluciones de procesamiento de transacciones financieras y automatizaci\u00f3n inteligente de gesti\u00f3n de documentos han transformado empresas y organismos p\u00fablicos.","robots":{"index":"index","follow":"follow","max-snippet":"max-snippet:-1","max-image-preview":"max-image-preview:large","max-video-preview":"max-video-preview:-1"},"canonical":"https:\/\/fairfaxsoftware.com\/es\/fairfax-software-soluciones-para-transacciones-financieras-y-procesamiento-inteligente-de-documentos\/recursos\/casos-de-exito\/","og_locale":"es_ES","og_type":"article","og_title":"Casos de \u00e9xito - Fairfax Software","og_description":"Explora las historias de \u00e9xito de Fairfax Software. Descubre c\u00f3mo nuestras soluciones de procesamiento de transacciones financieras y automatizaci\u00f3n inteligente de gesti\u00f3n de documentos han transformado empresas y organismos p\u00fablicos.","og_url":"https:\/\/fairfaxsoftware.com\/es\/fairfax-software-soluciones-para-transacciones-financieras-y-procesamiento-inteligente-de-documentos\/recursos\/casos-de-exito\/","og_site_name":"Fairfax Software","article_publisher":"https:\/\/www.facebook.com\/FairfaxSoftware","article_modified_time":"2025-06-10T22:16:07+00:00","twitter_card":"summary_large_image","twitter_site":"@FairfaxSoftware","schema":{"@context":"https:\/\/schema.org","@graph":[{"@type":"WebPage","@id":"https:\/\/fairfaxsoftware.com\/es\/fairfax-software-soluciones-para-transacciones-financieras-y-procesamiento-inteligente-de-documentos\/recursos\/casos-de-exito\/","url":"https:\/\/fairfaxsoftware.com\/es\/fairfax-software-soluciones-para-transacciones-financieras-y-procesamiento-inteligente-de-documentos\/recursos\/casos-de-exito\/","name":"Casos de \u00e9xito - Fairfax Software","isPartOf":{"@id":"https:\/\/s1t.525.mytemp.website\/#website"},"datePublished":"2024-01-25T20:54:56+00:00","dateModified":"2025-06-10T22:16:07+00:00","description":"Explora las historias de \u00e9xito de Fairfax Software. Descubre c\u00f3mo nuestras soluciones de procesamiento de transacciones financieras y automatizaci\u00f3n inteligente de gesti\u00f3n de documentos han transformado empresas y organismos p\u00fablicos.","breadcrumb":{"@id":"https:\/\/fairfaxsoftware.com\/es\/fairfax-software-soluciones-para-transacciones-financieras-y-procesamiento-inteligente-de-documentos\/recursos\/casos-de-exito\/#breadcrumb"},"inLanguage":"es","potentialAction":[{"@type":"ReadAction","target":["https:\/\/fairfaxsoftware.com\/es\/fairfax-software-soluciones-para-transacciones-financieras-y-procesamiento-inteligente-de-documentos\/recursos\/casos-de-exito\/"]}]},{"@type":"BreadcrumbList","@id":"https:\/\/fairfaxsoftware.com\/es\/fairfax-software-soluciones-para-transacciones-financieras-y-procesamiento-inteligente-de-documentos\/recursos\/casos-de-exito\/#breadcrumb","itemListElement":[{"@type":"ListItem","position":1,"name":"Home","item":"https:\/\/fairfaxsoftware.com\/es\/"},{"@type":"ListItem","position":2,"name":"Fairfax Software: Soluciones para transacciones financieras y procesamiento inteligente de documentos","item":"https:\/\/fairfaxsoftware.com\/es\/"},{"@type":"ListItem","position":3,"name":"Recursos","item":"https:\/\/fairfaxsoftware.com\/es\/fairfax-software-soluciones-para-transacciones-financieras-y-procesamiento-inteligente-de-documentos\/recursos\/"},{"@type":"ListItem","position":4,"name":"Casos de \u00e9xito"}]},{"@type":"WebSite","@id":"https:\/\/s1t.525.mytemp.website\/#website","url":"https:\/\/s1t.525.mytemp.website\/","name":"Fairfax Software","description":"A Leading Provider of Financial Transaction Processing &amp; Intelligent Document Processing Solutions","publisher":{"@id":"https:\/\/s1t.525.mytemp.website\/#organization"},"potentialAction":[{"@type":"SearchAction","target":{"@type":"EntryPoint","urlTemplate":"https:\/\/s1t.525.mytemp.website\/?s={search_term_string}"},"query-input":{"@type":"PropertyValueSpecification","valueRequired":true,"valueName":"search_term_string"}}],"inLanguage":"es"},{"@type":"Organization","@id":"https:\/\/s1t.525.mytemp.website\/#organization","name":"Fairfax Software","url":"https:\/\/s1t.525.mytemp.website\/","logo":{"@type":"ImageObject","inLanguage":"es","@id":"https:\/\/s1t.525.mytemp.website\/#\/schema\/logo\/image\/","url":"https:\/\/s1t.525.mytemp.website\/wp-content\/uploads\/2024\/06\/cropped-fairfaxsoftware-site-icon.png","contentUrl":"https:\/\/s1t.525.mytemp.website\/wp-content\/uploads\/2024\/06\/cropped-fairfaxsoftware-site-icon.png","width":512,"height":512,"caption":"Fairfax Software"},"image":{"@id":"https:\/\/s1t.525.mytemp.website\/#\/schema\/logo\/image\/"},"sameAs":["https:\/\/www.facebook.com\/FairfaxSoftware","https:\/\/x.com\/FairfaxSoftware","https:\/\/www.linkedin.com\/company\/4717647","https:\/\/www.instagram.com\/fairfaxsoftware\/"]}]}},"rttpg_featured_image_url":null,"rttpg_author":{"display_name":"Benjamin Jackson","author_link":"https:\/\/fairfaxsoftware.com\/es\/author\/ben-jackson\/"},"rttpg_comment":0,"rttpg_category":" <a href=\"https:\/\/fairfaxsoftware.com\/es\/?taxonomy=translation_priority&#038;term=opcional-es\" rel=\"tag\">Opcional<\/a>","rttpg_excerpt":"CASOS DE \u00c9XITO Resultados reales, impacto real: Explora nuestros casos de \u00e9xito para ver c\u00f3mo hemos transformado empresas. CASE STUDIES Kansas DOR Case Study November 5, 2024 Case Studies Kern County Treasurer and Tax Collector September 18, 2020 Case Studies Case Study: City of Virginia Beach March 14, 2012 Case Studies Case Study: Colorado Division&hellip;","_links":{"self":[{"href":"https:\/\/fairfaxsoftware.com\/es\/wp-json\/wp\/v2\/pages\/27174","targetHints":{"allow":["GET"]}}],"collection":[{"href":"https:\/\/fairfaxsoftware.com\/es\/wp-json\/wp\/v2\/pages"}],"about":[{"href":"https:\/\/fairfaxsoftware.com\/es\/wp-json\/wp\/v2\/types\/page"}],"author":[{"embeddable":true,"href":"https:\/\/fairfaxsoftware.com\/es\/wp-json\/wp\/v2\/users\/2"}],"replies":[{"embeddable":true,"href":"https:\/\/fairfaxsoftware.com\/es\/wp-json\/wp\/v2\/comments?post=27174"}],"version-history":[{"count":1,"href":"https:\/\/fairfaxsoftware.com\/es\/wp-json\/wp\/v2\/pages\/27174\/revisions"}],"predecessor-version":[{"id":27175,"href":"https:\/\/fairfaxsoftware.com\/es\/wp-json\/wp\/v2\/pages\/27174\/revisions\/27175"}],"up":[{"embeddable":true,"href":"https:\/\/fairfaxsoftware.com\/es\/wp-json\/wp\/v2\/pages\/27177"}],"wp:attachment":[{"href":"https:\/\/fairfaxsoftware.com\/es\/wp-json\/wp\/v2\/media?parent=27174"}],"curies":[{"name":"wp","href":"https:\/\/api.w.org\/{rel}","templated":true}]}}