{"id":27292,"date":"2024-01-25T20:55:44","date_gmt":"2024-01-25T20:55:44","guid":{"rendered":"https:\/\/s1t.525.mytemp.website\/fairfax-software-soluciones-para-transacciones-financieras-y-procesamiento-inteligente-de-documentos\/recursos\/articulos-del-blog\/"},"modified":"2025-08-14T17:03:55","modified_gmt":"2025-08-14T17:03:55","slug":"articulos-del-blog","status":"publish","type":"page","link":"https:\/\/fairfaxsoftware.com\/es\/fairfax-software-soluciones-para-transacciones-financieras-y-procesamiento-inteligente-de-documentos\/recursos\/articulos-del-blog\/","title":{"rendered":"Art\u00edculos del blog"},"content":{"rendered":"\t\t<div data-elementor-type=\"wp-page\" data-elementor-id=\"27292\" class=\"elementor elementor-27292 elementor-2608\">\n\t\t\t\t<div class=\"elementor-element elementor-element-b1f626a e-con-full e-flex wpr-equal-height-no elementor-invisible e-con e-parent\" data-id=\"b1f626a\" data-element_type=\"container\" data-e-type=\"container\" data-settings=\"{&quot;background_background&quot;:&quot;slideshow&quot;,&quot;background_slideshow_gallery&quot;:[{&quot;id&quot;:20899,&quot;url&quot;:&quot;http:\\\/\\\/8k6.c7b.myftpupload.com\\\/wp-content\\\/uploads\\\/2024\\\/06\\\/Fairfax-Software-Blog1.jpg&quot;}],&quot;background_slideshow_transition_duration&quot;:800,&quot;animation&quot;:&quot;fadeIn&quot;,&quot;background_slideshow_loop&quot;:&quot;yes&quot;,&quot;background_slideshow_slide_duration&quot;:5000,&quot;background_slideshow_slide_transition&quot;:&quot;fade&quot;}\">\n\t\t<div class=\"elementor-element elementor-element-5b64fcd0 e-con-full animated-slow e-flex wpr-equal-height-no elementor-invisible e-con e-child\" data-id=\"5b64fcd0\" data-element_type=\"container\" data-e-type=\"container\" data-settings=\"{&quot;background_background&quot;:&quot;classic&quot;,&quot;animation&quot;:&quot;fadeInLeft&quot;,&quot;animation_delay&quot;:1000}\">\n\t\t\t\t<div class=\"elementor-element elementor-element-427e5626 elementor-widget elementor-widget-heading\" data-id=\"427e5626\" data-element_type=\"widget\" data-e-type=\"widget\" data-widget_type=\"heading.default\">\n\t\t\t\t<div class=\"elementor-widget-container\">\n\t\t\t\t\t<h2 class=\"elementor-heading-title elementor-size-default\">ART\u00cdCULOS DEL BLOG<\/h2>\t\t\t\t<\/div>\n\t\t\t\t<\/div>\n\t\t\t\t<div class=\"elementor-element elementor-element-4fdb0541 elementor-widget elementor-widget-heading\" data-id=\"4fdb0541\" data-element_type=\"widget\" data-e-type=\"widget\" data-widget_type=\"heading.default\">\n\t\t\t\t<div class=\"elementor-widget-container\">\n\t\t\t\t\t<h2 class=\"elementor-heading-title elementor-size-default\">Insights Desbloqueado: Tu centro de <br>referencia para ideas frescas, <br>consejos de expertos e <br>historias atractivas.<\/h2>\t\t\t\t<\/div>\n\t\t\t\t<\/div>\n\t\t\t\t<\/div>\n\t\t\t\t<\/div>\n\t\t<div class=\"elementor-element elementor-element-a51a123 e-flex e-con-boxed wpr-equal-height-no e-con e-parent\" data-id=\"a51a123\" data-element_type=\"container\" data-e-type=\"container\">\n\t\t\t\t\t<div class=\"e-con-inner\">\n\t\t\t\t<div class=\"elementor-element elementor-element-b00769e title_hover_border_enable title-alignment-center section-title-style-default tpg-wrapper-align-center section-title-align-left tpg-border-bottom-enable meta-visibility-show title_position_default title-default meta_position_default tpg-category-position-default tpg-el-box-border-enable elementor-widget elementor-widget-tpg-grid-layout\" data-id=\"b00769e\" data-element_type=\"widget\" data-e-type=\"widget\" data-widget_type=\"tpg-grid-layout.default\">\n\t\t\t\t<div class=\"elementor-widget-container\">\n\t\t\t\t\t\t\t<div class=\"rt-container-fluid rt-tpg-container tpg-el-main-wrapper clearfix grid-layout3-main \"\n\t\t\t id=\"rt-tpg-container-3651645700\"\n\t\t\t data-layout=\"grid-layout3\"\n\t\t\t data-grid-style=\"tpg-full-height\"\n\t\t\t data-sc-id=\"elementor\"\n\t\t\t data-el-settings=''\n\t\t\t data-el-query=''\n\t\t\t data-el-path=''\n\t\t>\n\t\t\t\t\t\t\t<div id=\"bottom-script-loader\" class=\"bottom-script-loader\">\n\t\t\t\t\t<div class=\"rt-ball-clip-rotate\">\n\t\t\t\t\t\t<div><\/div>\n\t\t\t\t\t<\/div>\n\t\t\t\t<\/div>\n\t\t\t\t\t\t\t<div class='tpg-header-wrapper '>\n\t\t\t\t\n        <div class=\"tpg-widget-heading-wrapper rt-clear heading-default \">\n            <span class=\"tpg-widget-heading-line line-left\"><\/span>\n\t\t\t<h1 class='tpg-widget-heading'>\n\t\t\t\n\t\t\t\t                    <span>\n\t\t\t\t\t\tBLOG ARTICLES\t\t\t\t\t<\/span>\n\t\t\t\t\t\n\t\t\t\t\t\t\t<\/h1>            <span class=\"tpg-widget-heading-line line-right\"><\/span>\n\n\t\t\t\n        <\/div>\n\n\t\t\n\t\t\t\t\t<\/div>\n\n\t\t\t<div data-title=\"Loading ...\" class=\"rt-row rt-content-loader grid-layout3 grid-behaviour tpg-full-height grid_layout_wrapper\">\n\t\t\t\t<div class='no_posts_found_text rt-col-xs-12'>No posts found.<\/div>\t\t\t<\/div>\n\t\t\t\n\t\t<\/div>\n\t\t\t\t\t\t<\/div>\n\t\t\t\t<\/div>\n\t\t\t\t\t<\/div>\n\t\t\t\t<\/div>\n\t\t\t\t<\/div>\n\t\t","protected":false},"excerpt":{"rendered":"<p>ART\u00cdCULOS DEL BLOG Insights Desbloqueado: Tu centro de referencia para ideas frescas, consejos de expertos e historias atractivas. BLOG ARTICLES No posts found.<\/p>\n","protected":false},"author":2,"featured_media":26930,"parent":27177,"menu_order":0,"comment_status":"closed","ping_status":"closed","template":"elementor_header_footer","meta":{"ocean_post_layout":"","ocean_both_sidebars_style":"","ocean_both_sidebars_content_width":0,"ocean_both_sidebars_sidebars_width":0,"ocean_sidebar":"","ocean_second_sidebar":"","ocean_disable_margins":"on","ocean_add_body_class":"","ocean_shortcode_before_top_bar":"","ocean_shortcode_after_top_bar":"","ocean_shortcode_before_header":"","ocean_shortcode_after_header":"","ocean_has_shortcode":"","ocean_shortcode_after_title":"","ocean_shortcode_before_footer_widgets":"","ocean_shortcode_after_footer_widgets":"","ocean_shortcode_before_footer_bottom":"","ocean_shortcode_after_footer_bottom":"","ocean_display_top_bar":"default","ocean_display_header":"default","ocean_header_style":"","ocean_center_header_left_menu":"","ocean_custom_header_template":"","ocean_custom_logo":0,"ocean_custom_retina_logo":0,"ocean_custom_logo_max_width":0,"ocean_custom_logo_tablet_max_width":0,"ocean_custom_logo_mobile_max_width":0,"ocean_custom_logo_max_height":0,"ocean_custom_logo_tablet_max_height":0,"ocean_custom_logo_mobile_max_height":0,"ocean_header_custom_menu":"","ocean_menu_typo_font_family":"","ocean_menu_typo_font_subset":"","ocean_menu_typo_font_size":0,"ocean_menu_typo_font_size_tablet":0,"ocean_menu_typo_font_size_mobile":0,"ocean_menu_typo_font_size_unit":"px","ocean_menu_typo_font_weight":"","ocean_menu_typo_font_weight_tablet":"","ocean_menu_typo_font_weight_mobile":"","ocean_menu_typo_transform":"","ocean_menu_typo_transform_tablet":"","ocean_menu_typo_transform_mobile":"","ocean_menu_typo_line_height":0,"ocean_menu_typo_line_height_tablet":0,"ocean_menu_typo_line_height_mobile":0,"ocean_menu_typo_line_height_unit":"","ocean_menu_typo_spacing":0,"ocean_menu_typo_spacing_tablet":0,"ocean_menu_typo_spacing_mobile":0,"ocean_menu_typo_spacing_unit":"","ocean_menu_link_color":"","ocean_menu_link_color_hover":"","ocean_menu_link_color_active":"","ocean_menu_link_background":"","ocean_menu_link_hover_background":"","ocean_menu_link_active_background":"","ocean_menu_social_links_bg":"","ocean_menu_social_hover_links_bg":"","ocean_menu_social_links_color":"","ocean_menu_social_hover_links_color":"","ocean_disable_title":"on","ocean_disable_heading":"default","ocean_post_title":"","ocean_post_subheading":"","ocean_post_title_style":"","ocean_post_title_background_color":"","ocean_post_title_background":0,"ocean_post_title_bg_image_position":"","ocean_post_title_bg_image_attachment":"","ocean_post_title_bg_image_repeat":"","ocean_post_title_bg_image_size":"","ocean_post_title_height":0,"ocean_post_title_bg_overlay":0.5,"ocean_post_title_bg_overlay_color":"","ocean_disable_breadcrumbs":"off","ocean_breadcrumbs_color":"","ocean_breadcrumbs_separator_color":"","ocean_breadcrumbs_links_color":"","ocean_breadcrumbs_links_hover_color":"","ocean_display_footer_widgets":"default","ocean_display_footer_bottom":"default","ocean_custom_footer_template":"","footnotes":""},"class_list":["post-27292","page","type-page","status-publish","has-post-thumbnail","hentry","entry","has-media"],"yoast_head":"<!-- This site is optimized with the Yoast SEO plugin v27.3 - https:\/\/yoast.com\/product\/yoast-seo-wordpress\/ -->\n<title>Art\u00edculos del blog - Fairfax Software<\/title>\n<meta name=\"description\" content=\"Mantente al d\u00eda de las \u00faltimas noticias, perspectivas, actualizaciones y tendencias en el procesamiento de pagos de transacciones y la automatizaci\u00f3n del flujo de trabajo documental. Explora hoy el liderazgo intelectual de Fairfax Software.\" \/>\n<meta name=\"robots\" content=\"index, follow, max-snippet:-1, max-image-preview:large, max-video-preview:-1\" \/>\n<link rel=\"canonical\" href=\"https:\/\/fairfaxsoftware.com\/es\/fairfax-software-soluciones-para-transacciones-financieras-y-procesamiento-inteligente-de-documentos\/recursos\/articulos-del-blog\/\" \/>\n<meta property=\"og:locale\" content=\"es_ES\" \/>\n<meta property=\"og:type\" content=\"article\" \/>\n<meta property=\"og:title\" content=\"Art\u00edculos del blog - Fairfax Software\" \/>\n<meta property=\"og:description\" content=\"Mantente al d\u00eda de las \u00faltimas noticias, perspectivas, actualizaciones y tendencias en el procesamiento de pagos de transacciones y la automatizaci\u00f3n del flujo de trabajo documental. Explora hoy el liderazgo intelectual de Fairfax Software.\" \/>\n<meta property=\"og:url\" content=\"https:\/\/fairfaxsoftware.com\/es\/fairfax-software-soluciones-para-transacciones-financieras-y-procesamiento-inteligente-de-documentos\/recursos\/articulos-del-blog\/\" \/>\n<meta property=\"og:site_name\" content=\"Fairfax Software\" \/>\n<meta property=\"article:publisher\" content=\"https:\/\/www.facebook.com\/FairfaxSoftware\" \/>\n<meta property=\"article:modified_time\" content=\"2025-08-14T17:03:55+00:00\" \/>\n<meta property=\"og:image\" content=\"https:\/\/fairfaxsoftware.com\/wp-content\/uploads\/2024\/06\/cropped-fairfaxsoftware-site-icon.png\" \/>\n\t<meta property=\"og:image:width\" content=\"512\" \/>\n\t<meta property=\"og:image:height\" content=\"512\" \/>\n\t<meta property=\"og:image:type\" content=\"image\/png\" \/>\n<meta name=\"twitter:card\" content=\"summary_large_image\" \/>\n<meta name=\"twitter:site\" content=\"@FairfaxSoftware\" \/>\n<meta name=\"twitter:label1\" content=\"Tiempo de lectura\" \/>\n\t<meta name=\"twitter:data1\" content=\"1 minuto\" \/>\n<script type=\"application\/ld+json\" class=\"yoast-schema-graph\">{\"@context\":\"https:\\\/\\\/schema.org\",\"@graph\":[{\"@type\":\"WebPage\",\"@id\":\"https:\\\/\\\/fairfaxsoftware.com\\\/es\\\/fairfax-software-soluciones-para-transacciones-financieras-y-procesamiento-inteligente-de-documentos\\\/recursos\\\/articulos-del-blog\\\/\",\"url\":\"https:\\\/\\\/fairfaxsoftware.com\\\/es\\\/fairfax-software-soluciones-para-transacciones-financieras-y-procesamiento-inteligente-de-documentos\\\/recursos\\\/articulos-del-blog\\\/\",\"name\":\"Art\u00edculos del blog - Fairfax Software\",\"isPartOf\":{\"@id\":\"https:\\\/\\\/s1t.525.mytemp.website\\\/#website\"},\"primaryImageOfPage\":{\"@id\":\"https:\\\/\\\/fairfaxsoftware.com\\\/es\\\/fairfax-software-soluciones-para-transacciones-financieras-y-procesamiento-inteligente-de-documentos\\\/recursos\\\/articulos-del-blog\\\/#primaryimage\"},\"image\":{\"@id\":\"https:\\\/\\\/fairfaxsoftware.com\\\/es\\\/fairfax-software-soluciones-para-transacciones-financieras-y-procesamiento-inteligente-de-documentos\\\/recursos\\\/articulos-del-blog\\\/#primaryimage\"},\"thumbnailUrl\":\"https:\\\/\\\/fairfaxsoftware.com\\\/wp-content\\\/uploads\\\/2024\\\/06\\\/cropped-fairfaxsoftware-site-icon.png\",\"datePublished\":\"2024-01-25T20:55:44+00:00\",\"dateModified\":\"2025-08-14T17:03:55+00:00\",\"description\":\"Mantente al d\u00eda de las \u00faltimas noticias, perspectivas, actualizaciones y tendencias en el procesamiento de pagos de transacciones y la automatizaci\u00f3n del flujo de trabajo documental. Explora hoy el liderazgo intelectual de Fairfax Software.\",\"breadcrumb\":{\"@id\":\"https:\\\/\\\/fairfaxsoftware.com\\\/es\\\/fairfax-software-soluciones-para-transacciones-financieras-y-procesamiento-inteligente-de-documentos\\\/recursos\\\/articulos-del-blog\\\/#breadcrumb\"},\"inLanguage\":\"es\",\"potentialAction\":[{\"@type\":\"ReadAction\",\"target\":[\"https:\\\/\\\/fairfaxsoftware.com\\\/es\\\/fairfax-software-soluciones-para-transacciones-financieras-y-procesamiento-inteligente-de-documentos\\\/recursos\\\/articulos-del-blog\\\/\"]}]},{\"@type\":\"ImageObject\",\"inLanguage\":\"es\",\"@id\":\"https:\\\/\\\/fairfaxsoftware.com\\\/es\\\/fairfax-software-soluciones-para-transacciones-financieras-y-procesamiento-inteligente-de-documentos\\\/recursos\\\/articulos-del-blog\\\/#primaryimage\",\"url\":\"https:\\\/\\\/fairfaxsoftware.com\\\/wp-content\\\/uploads\\\/2024\\\/06\\\/cropped-fairfaxsoftware-site-icon.png\",\"contentUrl\":\"https:\\\/\\\/fairfaxsoftware.com\\\/wp-content\\\/uploads\\\/2024\\\/06\\\/cropped-fairfaxsoftware-site-icon.png\",\"width\":512,\"height\":512,\"caption\":\"Fairfax Software Site Icon\"},{\"@type\":\"BreadcrumbList\",\"@id\":\"https:\\\/\\\/fairfaxsoftware.com\\\/es\\\/fairfax-software-soluciones-para-transacciones-financieras-y-procesamiento-inteligente-de-documentos\\\/recursos\\\/articulos-del-blog\\\/#breadcrumb\",\"itemListElement\":[{\"@type\":\"ListItem\",\"position\":1,\"name\":\"Home\",\"item\":\"https:\\\/\\\/fairfaxsoftware.com\\\/es\\\/\"},{\"@type\":\"ListItem\",\"position\":2,\"name\":\"Fairfax Software: Soluciones para transacciones financieras y procesamiento inteligente de documentos\",\"item\":\"https:\\\/\\\/fairfaxsoftware.com\\\/es\\\/\"},{\"@type\":\"ListItem\",\"position\":3,\"name\":\"Recursos\",\"item\":\"https:\\\/\\\/fairfaxsoftware.com\\\/es\\\/fairfax-software-soluciones-para-transacciones-financieras-y-procesamiento-inteligente-de-documentos\\\/recursos\\\/\"},{\"@type\":\"ListItem\",\"position\":4,\"name\":\"Art\u00edculos del blog\"}]},{\"@type\":\"WebSite\",\"@id\":\"https:\\\/\\\/s1t.525.mytemp.website\\\/#website\",\"url\":\"https:\\\/\\\/s1t.525.mytemp.website\\\/\",\"name\":\"Fairfax Software\",\"description\":\"A Leading Provider of Financial Transaction Processing &amp; Intelligent Document Processing Solutions\",\"publisher\":{\"@id\":\"https:\\\/\\\/s1t.525.mytemp.website\\\/#organization\"},\"potentialAction\":[{\"@type\":\"SearchAction\",\"target\":{\"@type\":\"EntryPoint\",\"urlTemplate\":\"https:\\\/\\\/s1t.525.mytemp.website\\\/?s={search_term_string}\"},\"query-input\":{\"@type\":\"PropertyValueSpecification\",\"valueRequired\":true,\"valueName\":\"search_term_string\"}}],\"inLanguage\":\"es\"},{\"@type\":\"Organization\",\"@id\":\"https:\\\/\\\/s1t.525.mytemp.website\\\/#organization\",\"name\":\"Fairfax Software\",\"url\":\"https:\\\/\\\/s1t.525.mytemp.website\\\/\",\"logo\":{\"@type\":\"ImageObject\",\"inLanguage\":\"es\",\"@id\":\"https:\\\/\\\/s1t.525.mytemp.website\\\/#\\\/schema\\\/logo\\\/image\\\/\",\"url\":\"https:\\\/\\\/s1t.525.mytemp.website\\\/wp-content\\\/uploads\\\/2024\\\/06\\\/cropped-fairfaxsoftware-site-icon.png\",\"contentUrl\":\"https:\\\/\\\/s1t.525.mytemp.website\\\/wp-content\\\/uploads\\\/2024\\\/06\\\/cropped-fairfaxsoftware-site-icon.png\",\"width\":512,\"height\":512,\"caption\":\"Fairfax Software\"},\"image\":{\"@id\":\"https:\\\/\\\/s1t.525.mytemp.website\\\/#\\\/schema\\\/logo\\\/image\\\/\"},\"sameAs\":[\"https:\\\/\\\/www.facebook.com\\\/FairfaxSoftware\",\"https:\\\/\\\/x.com\\\/FairfaxSoftware\",\"https:\\\/\\\/www.linkedin.com\\\/company\\\/4717647\",\"https:\\\/\\\/www.instagram.com\\\/fairfaxsoftware\\\/\"]}]}<\/script>\n<!-- \/ Yoast SEO plugin. -->","yoast_head_json":{"title":"Art\u00edculos del blog - Fairfax Software","description":"Mantente al d\u00eda de las \u00faltimas noticias, perspectivas, actualizaciones y tendencias en el procesamiento de pagos de transacciones y la automatizaci\u00f3n del flujo de trabajo documental. Explora hoy el liderazgo intelectual de Fairfax Software.","robots":{"index":"index","follow":"follow","max-snippet":"max-snippet:-1","max-image-preview":"max-image-preview:large","max-video-preview":"max-video-preview:-1"},"canonical":"https:\/\/fairfaxsoftware.com\/es\/fairfax-software-soluciones-para-transacciones-financieras-y-procesamiento-inteligente-de-documentos\/recursos\/articulos-del-blog\/","og_locale":"es_ES","og_type":"article","og_title":"Art\u00edculos del blog - Fairfax Software","og_description":"Mantente al d\u00eda de las \u00faltimas noticias, perspectivas, actualizaciones y tendencias en el procesamiento de pagos de transacciones y la automatizaci\u00f3n del flujo de trabajo documental. Explora hoy el liderazgo intelectual de Fairfax Software.","og_url":"https:\/\/fairfaxsoftware.com\/es\/fairfax-software-soluciones-para-transacciones-financieras-y-procesamiento-inteligente-de-documentos\/recursos\/articulos-del-blog\/","og_site_name":"Fairfax Software","article_publisher":"https:\/\/www.facebook.com\/FairfaxSoftware","article_modified_time":"2025-08-14T17:03:55+00:00","og_image":[{"width":512,"height":512,"url":"https:\/\/fairfaxsoftware.com\/wp-content\/uploads\/2024\/06\/cropped-fairfaxsoftware-site-icon.png","type":"image\/png"}],"twitter_card":"summary_large_image","twitter_site":"@FairfaxSoftware","twitter_misc":{"Tiempo de lectura":"1 minuto"},"schema":{"@context":"https:\/\/schema.org","@graph":[{"@type":"WebPage","@id":"https:\/\/fairfaxsoftware.com\/es\/fairfax-software-soluciones-para-transacciones-financieras-y-procesamiento-inteligente-de-documentos\/recursos\/articulos-del-blog\/","url":"https:\/\/fairfaxsoftware.com\/es\/fairfax-software-soluciones-para-transacciones-financieras-y-procesamiento-inteligente-de-documentos\/recursos\/articulos-del-blog\/","name":"Art\u00edculos del blog - Fairfax Software","isPartOf":{"@id":"https:\/\/s1t.525.mytemp.website\/#website"},"primaryImageOfPage":{"@id":"https:\/\/fairfaxsoftware.com\/es\/fairfax-software-soluciones-para-transacciones-financieras-y-procesamiento-inteligente-de-documentos\/recursos\/articulos-del-blog\/#primaryimage"},"image":{"@id":"https:\/\/fairfaxsoftware.com\/es\/fairfax-software-soluciones-para-transacciones-financieras-y-procesamiento-inteligente-de-documentos\/recursos\/articulos-del-blog\/#primaryimage"},"thumbnailUrl":"https:\/\/fairfaxsoftware.com\/wp-content\/uploads\/2024\/06\/cropped-fairfaxsoftware-site-icon.png","datePublished":"2024-01-25T20:55:44+00:00","dateModified":"2025-08-14T17:03:55+00:00","description":"Mantente al d\u00eda de las \u00faltimas noticias, perspectivas, actualizaciones y tendencias en el procesamiento de pagos de transacciones y la automatizaci\u00f3n del flujo de trabajo documental. Explora hoy el liderazgo intelectual de Fairfax Software.","breadcrumb":{"@id":"https:\/\/fairfaxsoftware.com\/es\/fairfax-software-soluciones-para-transacciones-financieras-y-procesamiento-inteligente-de-documentos\/recursos\/articulos-del-blog\/#breadcrumb"},"inLanguage":"es","potentialAction":[{"@type":"ReadAction","target":["https:\/\/fairfaxsoftware.com\/es\/fairfax-software-soluciones-para-transacciones-financieras-y-procesamiento-inteligente-de-documentos\/recursos\/articulos-del-blog\/"]}]},{"@type":"ImageObject","inLanguage":"es","@id":"https:\/\/fairfaxsoftware.com\/es\/fairfax-software-soluciones-para-transacciones-financieras-y-procesamiento-inteligente-de-documentos\/recursos\/articulos-del-blog\/#primaryimage","url":"https:\/\/fairfaxsoftware.com\/wp-content\/uploads\/2024\/06\/cropped-fairfaxsoftware-site-icon.png","contentUrl":"https:\/\/fairfaxsoftware.com\/wp-content\/uploads\/2024\/06\/cropped-fairfaxsoftware-site-icon.png","width":512,"height":512,"caption":"Fairfax Software Site Icon"},{"@type":"BreadcrumbList","@id":"https:\/\/fairfaxsoftware.com\/es\/fairfax-software-soluciones-para-transacciones-financieras-y-procesamiento-inteligente-de-documentos\/recursos\/articulos-del-blog\/#breadcrumb","itemListElement":[{"@type":"ListItem","position":1,"name":"Home","item":"https:\/\/fairfaxsoftware.com\/es\/"},{"@type":"ListItem","position":2,"name":"Fairfax Software: Soluciones para transacciones financieras y procesamiento inteligente de documentos","item":"https:\/\/fairfaxsoftware.com\/es\/"},{"@type":"ListItem","position":3,"name":"Recursos","item":"https:\/\/fairfaxsoftware.com\/es\/fairfax-software-soluciones-para-transacciones-financieras-y-procesamiento-inteligente-de-documentos\/recursos\/"},{"@type":"ListItem","position":4,"name":"Art\u00edculos del blog"}]},{"@type":"WebSite","@id":"https:\/\/s1t.525.mytemp.website\/#website","url":"https:\/\/s1t.525.mytemp.website\/","name":"Fairfax Software","description":"A Leading Provider of Financial Transaction Processing &amp; Intelligent Document Processing Solutions","publisher":{"@id":"https:\/\/s1t.525.mytemp.website\/#organization"},"potentialAction":[{"@type":"SearchAction","target":{"@type":"EntryPoint","urlTemplate":"https:\/\/s1t.525.mytemp.website\/?s={search_term_string}"},"query-input":{"@type":"PropertyValueSpecification","valueRequired":true,"valueName":"search_term_string"}}],"inLanguage":"es"},{"@type":"Organization","@id":"https:\/\/s1t.525.mytemp.website\/#organization","name":"Fairfax Software","url":"https:\/\/s1t.525.mytemp.website\/","logo":{"@type":"ImageObject","inLanguage":"es","@id":"https:\/\/s1t.525.mytemp.website\/#\/schema\/logo\/image\/","url":"https:\/\/s1t.525.mytemp.website\/wp-content\/uploads\/2024\/06\/cropped-fairfaxsoftware-site-icon.png","contentUrl":"https:\/\/s1t.525.mytemp.website\/wp-content\/uploads\/2024\/06\/cropped-fairfaxsoftware-site-icon.png","width":512,"height":512,"caption":"Fairfax Software"},"image":{"@id":"https:\/\/s1t.525.mytemp.website\/#\/schema\/logo\/image\/"},"sameAs":["https:\/\/www.facebook.com\/FairfaxSoftware","https:\/\/x.com\/FairfaxSoftware","https:\/\/www.linkedin.com\/company\/4717647","https:\/\/www.instagram.com\/fairfaxsoftware\/"]}]}},"rttpg_featured_image_url":{"full":["https:\/\/fairfaxsoftware.com\/wp-content\/uploads\/2024\/06\/cropped-fairfaxsoftware-site-icon.png",512,512,false],"landscape":["https:\/\/fairfaxsoftware.com\/wp-content\/uploads\/2024\/06\/cropped-fairfaxsoftware-site-icon.png",512,512,false],"portraits":["https:\/\/fairfaxsoftware.com\/wp-content\/uploads\/2024\/06\/cropped-fairfaxsoftware-site-icon.png",512,512,false],"thumbnail":["https:\/\/fairfaxsoftware.com\/wp-content\/uploads\/2024\/06\/cropped-fairfaxsoftware-site-icon-150x150.png",150,150,true],"medium":["https:\/\/fairfaxsoftware.com\/wp-content\/uploads\/2024\/06\/cropped-fairfaxsoftware-site-icon-300x300.png",300,300,true],"large":["https:\/\/fairfaxsoftware.com\/wp-content\/uploads\/2024\/06\/cropped-fairfaxsoftware-site-icon.png",512,512,false],"1536x1536":["https:\/\/fairfaxsoftware.com\/wp-content\/uploads\/2024\/06\/cropped-fairfaxsoftware-site-icon.png",512,512,false],"2048x2048":["https:\/\/fairfaxsoftware.com\/wp-content\/uploads\/2024\/06\/cropped-fairfaxsoftware-site-icon.png",512,512,false],"ocean-thumb-m":["https:\/\/fairfaxsoftware.com\/wp-content\/uploads\/2024\/06\/cropped-fairfaxsoftware-site-icon.png",512,512,false],"ocean-thumb-ml":["https:\/\/fairfaxsoftware.com\/wp-content\/uploads\/2024\/06\/cropped-fairfaxsoftware-site-icon-512x450.png",512,450,true],"ocean-thumb-l":["https:\/\/fairfaxsoftware.com\/wp-content\/uploads\/2024\/06\/cropped-fairfaxsoftware-site-icon.png",512,512,false]},"rttpg_author":{"display_name":"Benjamin Jackson","author_link":"https:\/\/fairfaxsoftware.com\/es\/author\/ben-jackson\/"},"rttpg_comment":0,"rttpg_category":" <a href=\"https:\/\/fairfaxsoftware.com\/es\/?taxonomy=translation_priority&#038;term=opcional-es\" rel=\"tag\">Opcional<\/a>","rttpg_excerpt":"ART\u00cdCULOS DEL BLOG Insights Desbloqueado: Tu centro de referencia para ideas frescas, consejos de expertos e historias atractivas. BLOG ARTICLES No posts found.","_links":{"self":[{"href":"https:\/\/fairfaxsoftware.com\/es\/wp-json\/wp\/v2\/pages\/27292","targetHints":{"allow":["GET"]}}],"collection":[{"href":"https:\/\/fairfaxsoftware.com\/es\/wp-json\/wp\/v2\/pages"}],"about":[{"href":"https:\/\/fairfaxsoftware.com\/es\/wp-json\/wp\/v2\/types\/page"}],"author":[{"embeddable":true,"href":"https:\/\/fairfaxsoftware.com\/es\/wp-json\/wp\/v2\/users\/2"}],"replies":[{"embeddable":true,"href":"https:\/\/fairfaxsoftware.com\/es\/wp-json\/wp\/v2\/comments?post=27292"}],"version-history":[{"count":4,"href":"https:\/\/fairfaxsoftware.com\/es\/wp-json\/wp\/v2\/pages\/27292\/revisions"}],"predecessor-version":[{"id":27534,"href":"https:\/\/fairfaxsoftware.com\/es\/wp-json\/wp\/v2\/pages\/27292\/revisions\/27534"}],"up":[{"embeddable":true,"href":"https:\/\/fairfaxsoftware.com\/es\/wp-json\/wp\/v2\/pages\/27177"}],"wp:featuredmedia":[{"embeddable":true,"href":"https:\/\/fairfaxsoftware.com\/es\/wp-json\/wp\/v2\/media\/26930"}],"wp:attachment":[{"href":"https:\/\/fairfaxsoftware.com\/es\/wp-json\/wp\/v2\/media?parent=27292"}],"curies":[{"name":"wp","href":"https:\/\/api.w.org\/{rel}","templated":true}]}}